{"id":31951,"date":"2026-03-18T02:51:23","date_gmt":"2026-03-18T00:51:23","guid":{"rendered":"https:\/\/ventspils.citro.lv\/veikals\/sk-vitamini-dr-vitt-86g-3\/"},"modified":"2026-03-18T02:51:27","modified_gmt":"2026-03-18T00:51:27","slug":"uztura-bagatinatajs-multivitamini-dr-vitt-skistosie-86g","status":"publish","type":"product","link":"https:\/\/ventspils.citro.lv\/ru\/veikals\/uztura-bagatinatajs-multivitamini-dr-vitt-skistosie-86g\/","title":{"rendered":"Uztura bag\u0101tin\u0101t\u0101js multivitam\u012bni Dr.Vitt \u0161\u0137\u012bsto\u0161ie 86g"},"content":{"rendered":"","protected":false},"excerpt":{"rendered":"<p>20.35 \u20ac\/kg<\/p>\n","protected":false},"featured_media":1227994,"template":"","meta":{"_acf_changed":false,"inline_featured_image":false},"product_cat":[368,116],"product_tag":[],"acf":[],"aioseo_notices":[],"_links":{"self":[{"href":"https:\/\/ventspils.citro.lv\/ru\/wp-json\/wp\/v2\/product\/31951"}],"collection":[{"href":"https:\/\/ventspils.citro.lv\/ru\/wp-json\/wp\/v2\/product"}],"about":[{"href":"https:\/\/ventspils.citro.lv\/ru\/wp-json\/wp\/v2\/types\/product"}],"wp:featuredmedia":[{"embeddable":true,"href":"https:\/\/ventspils.citro.lv\/ru\/wp-json\/wp\/v2\/media\/1227994"}],"wp:attachment":[{"href":"https:\/\/ventspils.citro.lv\/ru\/wp-json\/wp\/v2\/media?parent=31951"}],"wp:term":[{"taxonomy":"product_cat","embeddable":true,"href":"https:\/\/ventspils.citro.lv\/ru\/wp-json\/wp\/v2\/product_cat?post=31951"},{"taxonomy":"product_tag","embeddable":true,"href":"https:\/\/ventspils.citro.lv\/ru\/wp-json\/wp\/v2\/product_tag?post=31951"}],"curies":[{"name":"wp","href":"https:\/\/api.w.org\/{rel}","templated":true}]}}