{"id":31921,"date":"2026-03-18T02:48:27","date_gmt":"2026-03-18T00:48:27","guid":{"rendered":"https:\/\/ventspils.citro.lv\/veikals\/sk-vitamini-dr-vitt-86g\/"},"modified":"2026-03-18T02:48:37","modified_gmt":"2026-03-18T00:48:37","slug":"uztura-bagatinatajs-vitamini-dr-vitt-skistosie-c-vit-86g","status":"publish","type":"product","link":"https:\/\/ventspils.citro.lv\/ru\/veikals\/uztura-bagatinatajs-vitamini-dr-vitt-skistosie-c-vit-86g\/","title":{"rendered":"Uztura bag\u0101tin\u0101t\u0101js vitam\u012bni Dr.Vitt \u0161\u0137\u012bsto\u0161ie C vit. 86g"},"content":{"rendered":"","protected":false},"excerpt":{"rendered":"<p>20.35 \u20ac\/kg<\/p>\n","protected":false},"featured_media":1227983,"template":"","meta":{"_acf_changed":false,"inline_featured_image":false},"product_cat":[368,116],"product_tag":[],"acf":[],"aioseo_notices":[],"_links":{"self":[{"href":"https:\/\/ventspils.citro.lv\/ru\/wp-json\/wp\/v2\/product\/31921"}],"collection":[{"href":"https:\/\/ventspils.citro.lv\/ru\/wp-json\/wp\/v2\/product"}],"about":[{"href":"https:\/\/ventspils.citro.lv\/ru\/wp-json\/wp\/v2\/types\/product"}],"wp:featuredmedia":[{"embeddable":true,"href":"https:\/\/ventspils.citro.lv\/ru\/wp-json\/wp\/v2\/media\/1227983"}],"wp:attachment":[{"href":"https:\/\/ventspils.citro.lv\/ru\/wp-json\/wp\/v2\/media?parent=31921"}],"wp:term":[{"taxonomy":"product_cat","embeddable":true,"href":"https:\/\/ventspils.citro.lv\/ru\/wp-json\/wp\/v2\/product_cat?post=31921"},{"taxonomy":"product_tag","embeddable":true,"href":"https:\/\/ventspils.citro.lv\/ru\/wp-json\/wp\/v2\/product_tag?post=31921"}],"curies":[{"name":"wp","href":"https:\/\/api.w.org\/{rel}","templated":true}]}}