{"id":31879,"date":"2026-03-17T04:00:38","date_gmt":"2026-03-17T02:00:38","guid":{"rendered":"https:\/\/ventspils.citro.lv\/veikals\/dzeriens-frutti-sk-ar-kirsu-garsu-8-5g\/"},"modified":"2026-03-17T04:00:42","modified_gmt":"2026-03-17T02:00:42","slug":"dzeriens-frutti-sk-ar-kirsu-garsu-8-5g","status":"publish","type":"product","link":"https:\/\/ventspils.citro.lv\/ru\/veikals\/dzeriens-frutti-sk-ar-kirsu-garsu-8-5g\/","title":{"rendered":"Dz\u0113riens Frutti \u0161\u0137. ar \u0137ir\u0161u gar\u0161u 8.5g"},"content":{"rendered":"","protected":false},"excerpt":{"rendered":"<p>21.18 \u20ac\/kg<\/p>\n","protected":false},"featured_media":1226413,"template":"","meta":{"_acf_changed":false,"inline_featured_image":false},"product_cat":[106,107],"product_tag":[],"acf":[],"aioseo_notices":[],"_links":{"self":[{"href":"https:\/\/ventspils.citro.lv\/ru\/wp-json\/wp\/v2\/product\/31879"}],"collection":[{"href":"https:\/\/ventspils.citro.lv\/ru\/wp-json\/wp\/v2\/product"}],"about":[{"href":"https:\/\/ventspils.citro.lv\/ru\/wp-json\/wp\/v2\/types\/product"}],"wp:featuredmedia":[{"embeddable":true,"href":"https:\/\/ventspils.citro.lv\/ru\/wp-json\/wp\/v2\/media\/1226413"}],"wp:attachment":[{"href":"https:\/\/ventspils.citro.lv\/ru\/wp-json\/wp\/v2\/media?parent=31879"}],"wp:term":[{"taxonomy":"product_cat","embeddable":true,"href":"https:\/\/ventspils.citro.lv\/ru\/wp-json\/wp\/v2\/product_cat?post=31879"},{"taxonomy":"product_tag","embeddable":true,"href":"https:\/\/ventspils.citro.lv\/ru\/wp-json\/wp\/v2\/product_tag?post=31879"}],"curies":[{"name":"wp","href":"https:\/\/api.w.org\/{rel}","templated":true}]}}