{"id":31860,"date":"2026-04-10T04:00:15","date_gmt":"2026-04-10T01:00:15","guid":{"rendered":"https:\/\/ventspils.citro.lv\/veikals\/ella-brolio-rapsu-1l\/"},"modified":"2026-04-10T04:00:19","modified_gmt":"2026-04-10T01:00:19","slug":"ella-brolio-rapsu-1l","status":"publish","type":"product","link":"https:\/\/ventspils.citro.lv\/ru\/veikals\/ella-brolio-rapsu-1l\/","title":{"rendered":"E\u013c\u013ca Brolio rap\u0161u 1l"},"content":{"rendered":"","protected":false},"excerpt":{"rendered":"<p>2.99 \u20ac\/l<\/p>\n","protected":false},"featured_media":1242728,"template":"","meta":{"_acf_changed":false,"inline_featured_image":false},"product_cat":[116,164],"product_tag":[],"acf":[],"aioseo_notices":[],"_links":{"self":[{"href":"https:\/\/ventspils.citro.lv\/ru\/wp-json\/wp\/v2\/product\/31860"}],"collection":[{"href":"https:\/\/ventspils.citro.lv\/ru\/wp-json\/wp\/v2\/product"}],"about":[{"href":"https:\/\/ventspils.citro.lv\/ru\/wp-json\/wp\/v2\/types\/product"}],"wp:featuredmedia":[{"embeddable":true,"href":"https:\/\/ventspils.citro.lv\/ru\/wp-json\/wp\/v2\/media\/1242728"}],"wp:attachment":[{"href":"https:\/\/ventspils.citro.lv\/ru\/wp-json\/wp\/v2\/media?parent=31860"}],"wp:term":[{"taxonomy":"product_cat","embeddable":true,"href":"https:\/\/ventspils.citro.lv\/ru\/wp-json\/wp\/v2\/product_cat?post=31860"},{"taxonomy":"product_tag","embeddable":true,"href":"https:\/\/ventspils.citro.lv\/ru\/wp-json\/wp\/v2\/product_tag?post=31860"}],"curies":[{"name":"wp","href":"https:\/\/api.w.org\/{rel}","templated":true}]}}