{"id":31808,"date":"2026-03-13T02:45:38","date_gmt":"2026-03-13T00:45:38","guid":{"rendered":"https:\/\/ventspils.citro.lv\/veikals\/petersili-malti-10g\/"},"modified":"2026-03-23T13:07:47","modified_gmt":"2026-03-23T11:07:47","slug":"petersili-malti-10g","status":"publish","type":"product","link":"https:\/\/ventspils.citro.lv\/ru\/veikals\/petersili-malti-10g\/","title":{"rendered":"P\u0113ters\u012b\u013ci malti 10g"},"content":{"rendered":"","protected":false},"excerpt":{"rendered":"<p>20.00 \u20ac\/kg<\/p>\n","protected":false},"featured_media":1224823,"template":"","meta":{"_acf_changed":false,"inline_featured_image":false},"product_cat":[116,165],"product_tag":[],"acf":[],"aioseo_notices":[],"_links":{"self":[{"href":"https:\/\/ventspils.citro.lv\/ru\/wp-json\/wp\/v2\/product\/31808"}],"collection":[{"href":"https:\/\/ventspils.citro.lv\/ru\/wp-json\/wp\/v2\/product"}],"about":[{"href":"https:\/\/ventspils.citro.lv\/ru\/wp-json\/wp\/v2\/types\/product"}],"wp:featuredmedia":[{"embeddable":true,"href":"https:\/\/ventspils.citro.lv\/ru\/wp-json\/wp\/v2\/media\/1224823"}],"wp:attachment":[{"href":"https:\/\/ventspils.citro.lv\/ru\/wp-json\/wp\/v2\/media?parent=31808"}],"wp:term":[{"taxonomy":"product_cat","embeddable":true,"href":"https:\/\/ventspils.citro.lv\/ru\/wp-json\/wp\/v2\/product_cat?post=31808"},{"taxonomy":"product_tag","embeddable":true,"href":"https:\/\/ventspils.citro.lv\/ru\/wp-json\/wp\/v2\/product_tag?post=31808"}],"curies":[{"name":"wp","href":"https:\/\/api.w.org\/{rel}","templated":true}]}}