{"id":31788,"date":"2026-04-24T04:18:50","date_gmt":"2026-04-24T01:18:50","guid":{"rendered":"https:\/\/ventspils.citro.lv\/veikals\/merce-sojas-tumsa-150ml\/"},"modified":"2026-04-24T04:18:55","modified_gmt":"2026-04-24T01:18:55","slug":"merce-sojas-tumsa-chain-kwo-150ml","status":"publish","type":"product","link":"https:\/\/ventspils.citro.lv\/ru\/veikals\/merce-sojas-tumsa-chain-kwo-150ml\/","title":{"rendered":"M\u0113rce sojas tum\u0161\u0101 Chain Kwo 150ml"},"content":{"rendered":"","protected":false},"excerpt":{"rendered":"<p>7.27 \u20ac\/l<\/p>\n","protected":false},"featured_media":1251496,"template":"","meta":{"_acf_changed":false,"inline_featured_image":false},"product_cat":[116,208],"product_tag":[],"acf":[],"aioseo_notices":[],"_links":{"self":[{"href":"https:\/\/ventspils.citro.lv\/ru\/wp-json\/wp\/v2\/product\/31788"}],"collection":[{"href":"https:\/\/ventspils.citro.lv\/ru\/wp-json\/wp\/v2\/product"}],"about":[{"href":"https:\/\/ventspils.citro.lv\/ru\/wp-json\/wp\/v2\/types\/product"}],"wp:featuredmedia":[{"embeddable":true,"href":"https:\/\/ventspils.citro.lv\/ru\/wp-json\/wp\/v2\/media\/1251496"}],"wp:attachment":[{"href":"https:\/\/ventspils.citro.lv\/ru\/wp-json\/wp\/v2\/media?parent=31788"}],"wp:term":[{"taxonomy":"product_cat","embeddable":true,"href":"https:\/\/ventspils.citro.lv\/ru\/wp-json\/wp\/v2\/product_cat?post=31788"},{"taxonomy":"product_tag","embeddable":true,"href":"https:\/\/ventspils.citro.lv\/ru\/wp-json\/wp\/v2\/product_tag?post=31788"}],"curies":[{"name":"wp","href":"https:\/\/api.w.org\/{rel}","templated":true}]}}