{"id":31623,"date":"2026-03-13T02:24:26","date_gmt":"2026-03-13T00:24:26","guid":{"rendered":"https:\/\/ventspils.citro.lv\/veikals\/kecups-sasliku-1kg\/"},"modified":"2026-04-23T16:15:56","modified_gmt":"2026-04-23T13:15:56","slug":"kecups-sasliku-1kg","status":"publish","type":"product","link":"https:\/\/ventspils.citro.lv\/ru\/veikals\/kecups-sasliku-1kg\/","title":{"rendered":"Ke\u010dups \u0161a\u0161liku 1kg"},"content":{"rendered":"","protected":false},"excerpt":{"rendered":"<p>1.99 \u20ac\/kg<\/p>\n","protected":false},"featured_media":1224735,"template":"","meta":{"_acf_changed":false,"inline_featured_image":false},"product_cat":[116,148],"product_tag":[],"acf":[],"aioseo_notices":[],"_links":{"self":[{"href":"https:\/\/ventspils.citro.lv\/ru\/wp-json\/wp\/v2\/product\/31623"}],"collection":[{"href":"https:\/\/ventspils.citro.lv\/ru\/wp-json\/wp\/v2\/product"}],"about":[{"href":"https:\/\/ventspils.citro.lv\/ru\/wp-json\/wp\/v2\/types\/product"}],"wp:featuredmedia":[{"embeddable":true,"href":"https:\/\/ventspils.citro.lv\/ru\/wp-json\/wp\/v2\/media\/1224735"}],"wp:attachment":[{"href":"https:\/\/ventspils.citro.lv\/ru\/wp-json\/wp\/v2\/media?parent=31623"}],"wp:term":[{"taxonomy":"product_cat","embeddable":true,"href":"https:\/\/ventspils.citro.lv\/ru\/wp-json\/wp\/v2\/product_cat?post=31623"},{"taxonomy":"product_tag","embeddable":true,"href":"https:\/\/ventspils.citro.lv\/ru\/wp-json\/wp\/v2\/product_tag?post=31623"}],"curies":[{"name":"wp","href":"https:\/\/api.w.org\/{rel}","templated":true}]}}