{"id":31621,"date":"2026-03-13T02:24:15","date_gmt":"2026-03-13T00:24:15","guid":{"rendered":"https:\/\/ventspils.citro.lv\/veikals\/merce-tomatu-salda-har-520ml\/"},"modified":"2026-03-13T02:24:25","modified_gmt":"2026-03-13T00:24:25","slug":"merce-tomatu-salda-har-520ml","status":"publish","type":"product","link":"https:\/\/ventspils.citro.lv\/ru\/veikals\/merce-tomatu-salda-har-520ml\/","title":{"rendered":"M\u0113rce tom\u0101tu sald\u0101 Har 520ml"},"content":{"rendered":"","protected":false},"excerpt":{"rendered":"<p>3.06 \u20ac\/l<\/p>\n","protected":false},"featured_media":1224734,"template":"","meta":{"_acf_changed":false,"inline_featured_image":false},"product_cat":[116,148],"product_tag":[],"acf":[],"aioseo_notices":[],"_links":{"self":[{"href":"https:\/\/ventspils.citro.lv\/ru\/wp-json\/wp\/v2\/product\/31621"}],"collection":[{"href":"https:\/\/ventspils.citro.lv\/ru\/wp-json\/wp\/v2\/product"}],"about":[{"href":"https:\/\/ventspils.citro.lv\/ru\/wp-json\/wp\/v2\/types\/product"}],"wp:featuredmedia":[{"embeddable":true,"href":"https:\/\/ventspils.citro.lv\/ru\/wp-json\/wp\/v2\/media\/1224734"}],"wp:attachment":[{"href":"https:\/\/ventspils.citro.lv\/ru\/wp-json\/wp\/v2\/media?parent=31621"}],"wp:term":[{"taxonomy":"product_cat","embeddable":true,"href":"https:\/\/ventspils.citro.lv\/ru\/wp-json\/wp\/v2\/product_cat?post=31621"},{"taxonomy":"product_tag","embeddable":true,"href":"https:\/\/ventspils.citro.lv\/ru\/wp-json\/wp\/v2\/product_tag?post=31621"}],"curies":[{"name":"wp","href":"https:\/\/api.w.org\/{rel}","templated":true}]}}