{"id":31596,"date":"2026-03-13T02:12:53","date_gmt":"2026-03-13T00:12:53","guid":{"rendered":"https:\/\/ventspils.citro.lv\/veikals\/merce-sojas-gaisa-chain-kwo-150g\/"},"modified":"2026-03-13T02:13:06","modified_gmt":"2026-03-13T00:13:06","slug":"merce-sojas-gaisa-chain-kwo-150g","status":"publish","type":"product","link":"https:\/\/ventspils.citro.lv\/ru\/veikals\/merce-sojas-gaisa-chain-kwo-150g\/","title":{"rendered":"M\u0113rce sojas gai\u0161\u0101 Chain Kwo 150g"},"content":{"rendered":"","protected":false},"excerpt":{"rendered":"<p>7.93 \u20ac\/kg<\/p>\n","protected":false},"featured_media":1224687,"template":"","meta":{"_acf_changed":false,"inline_featured_image":false},"product_cat":[116,208],"product_tag":[],"acf":[],"aioseo_notices":[],"_links":{"self":[{"href":"https:\/\/ventspils.citro.lv\/ru\/wp-json\/wp\/v2\/product\/31596"}],"collection":[{"href":"https:\/\/ventspils.citro.lv\/ru\/wp-json\/wp\/v2\/product"}],"about":[{"href":"https:\/\/ventspils.citro.lv\/ru\/wp-json\/wp\/v2\/types\/product"}],"wp:featuredmedia":[{"embeddable":true,"href":"https:\/\/ventspils.citro.lv\/ru\/wp-json\/wp\/v2\/media\/1224687"}],"wp:attachment":[{"href":"https:\/\/ventspils.citro.lv\/ru\/wp-json\/wp\/v2\/media?parent=31596"}],"wp:term":[{"taxonomy":"product_cat","embeddable":true,"href":"https:\/\/ventspils.citro.lv\/ru\/wp-json\/wp\/v2\/product_cat?post=31596"},{"taxonomy":"product_tag","embeddable":true,"href":"https:\/\/ventspils.citro.lv\/ru\/wp-json\/wp\/v2\/product_tag?post=31596"}],"curies":[{"name":"wp","href":"https:\/\/api.w.org\/{rel}","templated":true}]}}