{"id":31472,"date":"2026-05-12T06:15:13","date_gmt":"2026-05-12T03:15:13","guid":{"rendered":"https:\/\/ventspils.citro.lv\/veikals\/kanela-rozite\/"},"modified":"2026-05-12T06:15:22","modified_gmt":"2026-05-12T03:15:22","slug":"kanelmaizite-citro","status":"publish","type":"product","link":"https:\/\/ventspils.citro.lv\/ru\/veikals\/kanelmaizite-citro\/","title":{"rendered":"Kan\u0113\u013cmaiz\u012bte Citro"},"content":{"rendered":"<p>Sast\u0101vda\u013cas : m\u012bkla (KVIE\u0160U milti, \u016bdens, MARGAR\u012aNS (augu e\u013c\u013cas (rap\u0161u, palmu), \u016bdens, s\u0101ls, emulgatori(rap\u0161u lecit\u012bns; tauksk\u0101bju mono- un diglicer\u012bdi), sk\u0101buma regul\u0113t\u0101js (citronsk\u0101be), aromatiz\u0113t\u0101js dab\u012bgs, kr\u0101sviela (beta karot\u012bns)), cukurs, raugs, p\u0101rtikas s\u0101ls), cukurs, \u016bdens, OLAS, kan\u0113lis.100 g produkta satur : ener\u0123\u0113tisk\u0101 v\u0113rt\u012bba: 1635 KJ\/389 kcal,  tauki 13 g, tostarp pies\u0101t. tauksk\u0101bes 6 g, og\u013chidr\u0101ti 58 g, tostarp cukurs 29 g, \u0161\u0137iedrvielas 2 g, olbaltumvielas 8 g, s\u0101ls 0,6 g. Uzglab.temp.: istabas temperat\u016br\u0101. Izlietot l\u012bdz: nor\u0101d\u012bts uz iepakojuma. Ra\u017eot\u0101js: SIA Di\u0101na Bistro, Andreja iela 5, Ventspils.<\/p>\n","protected":false},"excerpt":{"rendered":"<p>7.38 \u20ac\/kg<\/p>\n","protected":false},"featured_media":1259350,"template":"","meta":{"_acf_changed":false,"inline_featured_image":false},"product_cat":[109,110],"product_tag":[],"acf":[],"aioseo_notices":[],"_links":{"self":[{"href":"https:\/\/ventspils.citro.lv\/ru\/wp-json\/wp\/v2\/product\/31472"}],"collection":[{"href":"https:\/\/ventspils.citro.lv\/ru\/wp-json\/wp\/v2\/product"}],"about":[{"href":"https:\/\/ventspils.citro.lv\/ru\/wp-json\/wp\/v2\/types\/product"}],"wp:featuredmedia":[{"embeddable":true,"href":"https:\/\/ventspils.citro.lv\/ru\/wp-json\/wp\/v2\/media\/1259350"}],"wp:attachment":[{"href":"https:\/\/ventspils.citro.lv\/ru\/wp-json\/wp\/v2\/media?parent=31472"}],"wp:term":[{"taxonomy":"product_cat","embeddable":true,"href":"https:\/\/ventspils.citro.lv\/ru\/wp-json\/wp\/v2\/product_cat?post=31472"},{"taxonomy":"product_tag","embeddable":true,"href":"https:\/\/ventspils.citro.lv\/ru\/wp-json\/wp\/v2\/product_tag?post=31472"}],"curies":[{"name":"wp","href":"https:\/\/api.w.org\/{rel}","templated":true}]}}