{"id":31408,"date":"2026-04-06T01:15:34","date_gmt":"2026-04-05T22:15:34","guid":{"rendered":"https:\/\/ventspils.citro.lv\/veikals\/kotlete-diana\/"},"modified":"2026-04-06T01:15:40","modified_gmt":"2026-04-05T22:15:40","slug":"kotlete-diana","status":"publish","type":"product","link":"https:\/\/ventspils.citro.lv\/ru\/veikals\/kotlete-diana\/","title":{"rendered":"Kotlete Di\u0101na"},"content":{"rendered":"<p>Sast\u0101vda\u013cas: c\u016bkga\u013ca (70 %), KVIE\u0160U maize (KVIE\u0160U milti, \u016bdens, cukurs, raugs, rap\u0161u e\u013c\u013ca, p\u0101rtikas s\u0101ls), augu e\u013c\u013ca, OLAS, \u0137iploki, gar\u0161viela univers\u0101l\u0101 (s\u0101ls (63,2%), kalt\u0113ti d\u0101rze\u0146i (16,26%): burk\u0101ni, pastinaks, p\u0113ters\u012b\u013ci, s\u012bpoli, dilles, SELERIJA, tom\u0101ts, \u0137iploki, paprika:  cukurs, gar\u0161as pastiprin\u0101t\u0101js: monon\u0101trija glutam\u0101ts; kurkuma, melni pipari, augu prote\u012bna hidroliz\u0101ts, rap\u0161u e\u013c\u013ca,  kr\u0101sviela: riboflav\u012bns). 100 g produkta satur:  ener\u0123\u0113tisk\u0101 v\u0113rt\u012bba 1178KJ\/ 282kcal,  tauki 17,8 g, tostarp pies\u0101tin\u0101t\u0101s tauksk\u0101bes 4,5 g, og\u013chidr\u0101ti 14,4 g, tostarp cukurs 1,2 g,  \u0161\u0137iedrvielas 0,9 g, olbaltumvielas 16 g, s\u0101ls 1,4 g.Uzglab\u0101\u0161anas temperat\u016bra : +2&#8230;+6 C. Izlietot l\u012bdz: nor\u0101d\u012bts uz iepakojuma. Ra\u017eot\u0101js: SIA Di\u0101na Bistro, Andreja iela 5, Ventspils.<\/p>\n","protected":false},"excerpt":{"rendered":"<p>1.39 \u20ac\/gb<\/p>\n","protected":false},"featured_media":1239923,"template":"","meta":{"_acf_changed":false,"inline_featured_image":false},"product_cat":[113,114],"product_tag":[],"acf":[],"aioseo_notices":[],"_links":{"self":[{"href":"https:\/\/ventspils.citro.lv\/ru\/wp-json\/wp\/v2\/product\/31408"}],"collection":[{"href":"https:\/\/ventspils.citro.lv\/ru\/wp-json\/wp\/v2\/product"}],"about":[{"href":"https:\/\/ventspils.citro.lv\/ru\/wp-json\/wp\/v2\/types\/product"}],"wp:featuredmedia":[{"embeddable":true,"href":"https:\/\/ventspils.citro.lv\/ru\/wp-json\/wp\/v2\/media\/1239923"}],"wp:attachment":[{"href":"https:\/\/ventspils.citro.lv\/ru\/wp-json\/wp\/v2\/media?parent=31408"}],"wp:term":[{"taxonomy":"product_cat","embeddable":true,"href":"https:\/\/ventspils.citro.lv\/ru\/wp-json\/wp\/v2\/product_cat?post=31408"},{"taxonomy":"product_tag","embeddable":true,"href":"https:\/\/ventspils.citro.lv\/ru\/wp-json\/wp\/v2\/product_tag?post=31408"}],"curies":[{"name":"wp","href":"https:\/\/api.w.org\/{rel}","templated":true}]}}