{"id":31407,"date":"2026-04-10T06:57:49","date_gmt":"2026-04-10T03:57:49","guid":{"rendered":"https:\/\/ventspils.citro.lv\/veikals\/speka-rausisi-300g\/"},"modified":"2026-04-17T13:42:40","modified_gmt":"2026-04-17T10:42:40","slug":"rausisi-ar-galu-citro-300g","status":"publish","type":"product","link":"https:\/\/ventspils.citro.lv\/ru\/veikals\/rausisi-ar-galu-citro-300g\/","title":{"rendered":"Raus\u012b\u0161i ar ga\u013cu Citro 300g"},"content":{"rendered":"<p>Sast\u0101vda\u013cas: m\u012bkla (KVIE\u0160U milti, \u016bdens, margar\u012bns (augu tauki (palmu, kokosa), \u016bdens, rap\u0161u e\u013c\u013ca, emulgators E471, sk\u0101buma regul\u0113t\u0101js E330, dab\u012bgs aromatiz\u0113t\u0101js, p\u0101rtikas kr\u0101sviela E160a), cukurs, pres\u0113tais raugs, s\u0101ls), kupin\u0101ta ga\u013ca (c\u016bkga\u013ca 80 %,  \u016bdens, s\u0101ls, E250, E451, E407, E425, E415, kartupe\u013cu ciete, augu \u0161\u0137iedrvielas, gar\u0161vielas, E316, modific\u0113ta kukur\u016bzas ciete aromatiz\u0113t\u0101js), saulespu\u0137u s\u0113klas, OLA.100 g produkta satur:  ener\u0123\u0113tisk\u0101 v\u0113rt\u012bba 2201KJ\/524kcal, tauki 41g, tostarp pies\u0101tin\u0101t\u0101s tauksk\u0101bes 11,7g, og\u013chidr\u0101ti 32,4g, tostarp cukurs 5,8g, \u0161\u0137iedrvielas 2,1g, olbaltumvielas 10g, s\u0101ls 1,5g. Izlietot l\u012bdz: skat\u012bt uz iepakojuma. Uzglab\u0101\u0161anas apst\u0101k\u013ci: istabas temperat\u016bra. Ra\u017eot\u0101js: SIA Di\u0101na-Bistro,Andreja iela -5,Ventspils.<\/p>\n","protected":false},"excerpt":{"rendered":"<p>9.30 \u20ac\/kg<\/p>\n","protected":false},"featured_media":1243537,"template":"","meta":{"_acf_changed":false,"inline_featured_image":false},"product_cat":[109,110],"product_tag":[],"acf":[],"aioseo_notices":[],"_links":{"self":[{"href":"https:\/\/ventspils.citro.lv\/ru\/wp-json\/wp\/v2\/product\/31407"}],"collection":[{"href":"https:\/\/ventspils.citro.lv\/ru\/wp-json\/wp\/v2\/product"}],"about":[{"href":"https:\/\/ventspils.citro.lv\/ru\/wp-json\/wp\/v2\/types\/product"}],"wp:featuredmedia":[{"embeddable":true,"href":"https:\/\/ventspils.citro.lv\/ru\/wp-json\/wp\/v2\/media\/1243537"}],"wp:attachment":[{"href":"https:\/\/ventspils.citro.lv\/ru\/wp-json\/wp\/v2\/media?parent=31407"}],"wp:term":[{"taxonomy":"product_cat","embeddable":true,"href":"https:\/\/ventspils.citro.lv\/ru\/wp-json\/wp\/v2\/product_cat?post=31407"},{"taxonomy":"product_tag","embeddable":true,"href":"https:\/\/ventspils.citro.lv\/ru\/wp-json\/wp\/v2\/product_tag?post=31407"}],"curies":[{"name":"wp","href":"https:\/\/api.w.org\/{rel}","templated":true}]}}