{"id":31236,"date":"2025-11-26T02:06:48","date_gmt":"2025-11-26T00:06:48","guid":{"rendered":"https:\/\/ventspils.citro.lv\/veikals\/salvetes-universalas-bella-kastite-2slani-150gb\/"},"modified":"2026-03-14T22:21:24","modified_gmt":"2026-03-14T20:21:24","slug":"salvetes-universalas-bella-kastite-2slani-150gb","status":"publish","type":"product","link":"https:\/\/ventspils.citro.lv\/ru\/veikals\/salvetes-universalas-bella-kastite-2slani-150gb\/","title":{"rendered":"Salvetes univers\u0101l\u0101s Bella kast\u012bt\u0113 2sl\u0101\u0146i 150gb"},"content":{"rendered":"","protected":false},"excerpt":{"rendered":"<p>0.02 \u20ac\/gb<\/p>\n","protected":false},"featured_media":1165785,"template":"","meta":{"_acf_changed":false,"inline_featured_image":false},"product_cat":[131,163],"product_tag":[],"acf":[],"aioseo_notices":[],"_links":{"self":[{"href":"https:\/\/ventspils.citro.lv\/ru\/wp-json\/wp\/v2\/product\/31236"}],"collection":[{"href":"https:\/\/ventspils.citro.lv\/ru\/wp-json\/wp\/v2\/product"}],"about":[{"href":"https:\/\/ventspils.citro.lv\/ru\/wp-json\/wp\/v2\/types\/product"}],"wp:featuredmedia":[{"embeddable":true,"href":"https:\/\/ventspils.citro.lv\/ru\/wp-json\/wp\/v2\/media\/1165785"}],"wp:attachment":[{"href":"https:\/\/ventspils.citro.lv\/ru\/wp-json\/wp\/v2\/media?parent=31236"}],"wp:term":[{"taxonomy":"product_cat","embeddable":true,"href":"https:\/\/ventspils.citro.lv\/ru\/wp-json\/wp\/v2\/product_cat?post=31236"},{"taxonomy":"product_tag","embeddable":true,"href":"https:\/\/ventspils.citro.lv\/ru\/wp-json\/wp\/v2\/product_tag?post=31236"}],"curies":[{"name":"wp","href":"https:\/\/api.w.org\/{rel}","templated":true}]}}