{"id":31194,"date":"2026-01-17T01:16:01","date_gmt":"2026-01-16T23:16:01","guid":{"rendered":"https:\/\/ventspils.citro.lv\/veikals\/papira-dvielis-zewa-jumbo-2slani-1rullis\/"},"modified":"2026-03-13T10:00:45","modified_gmt":"2026-03-13T08:00:45","slug":"papira-dvielis-zewa-jumbo-2slani-1rullis","status":"publish","type":"product","link":"https:\/\/ventspils.citro.lv\/ru\/veikals\/papira-dvielis-zewa-jumbo-2slani-1rullis\/","title":{"rendered":"Pap\u012bra dvielis Zewa Jumbo 2sl\u0101\u0146i 1rullis"},"content":{"rendered":"","protected":false},"excerpt":{"rendered":"<p>5.19 \u20ac\/gb<\/p>\n","protected":false},"featured_media":1195569,"template":"","meta":{"_acf_changed":false,"inline_featured_image":false},"product_cat":[131,163],"product_tag":[],"acf":[],"aioseo_notices":[],"_links":{"self":[{"href":"https:\/\/ventspils.citro.lv\/ru\/wp-json\/wp\/v2\/product\/31194"}],"collection":[{"href":"https:\/\/ventspils.citro.lv\/ru\/wp-json\/wp\/v2\/product"}],"about":[{"href":"https:\/\/ventspils.citro.lv\/ru\/wp-json\/wp\/v2\/types\/product"}],"wp:featuredmedia":[{"embeddable":true,"href":"https:\/\/ventspils.citro.lv\/ru\/wp-json\/wp\/v2\/media\/1195569"}],"wp:attachment":[{"href":"https:\/\/ventspils.citro.lv\/ru\/wp-json\/wp\/v2\/media?parent=31194"}],"wp:term":[{"taxonomy":"product_cat","embeddable":true,"href":"https:\/\/ventspils.citro.lv\/ru\/wp-json\/wp\/v2\/product_cat?post=31194"},{"taxonomy":"product_tag","embeddable":true,"href":"https:\/\/ventspils.citro.lv\/ru\/wp-json\/wp\/v2\/product_tag?post=31194"}],"curies":[{"name":"wp","href":"https:\/\/api.w.org\/{rel}","templated":true}]}}