{"id":310762,"date":"2026-04-10T07:54:34","date_gmt":"2026-04-10T04:54:34","guid":{"rendered":"https:\/\/ventspils.citro.lv\/veikals\/biezenis-kubus-baby-abolu-mango-no-6-men-100g\/"},"modified":"2026-04-10T07:54:43","modified_gmt":"2026-04-10T04:54:43","slug":"biezenis-kubus-baby-abolu-mango-no-6-men-100g","status":"publish","type":"product","link":"https:\/\/ventspils.citro.lv\/ru\/veikals\/biezenis-kubus-baby-abolu-mango-no-6-men-100g\/","title":{"rendered":"Biezenis Kubu\u0161 Baby  \u0101bolu mango no 6 m\u0113n.100g"},"content":{"rendered":"","protected":false},"excerpt":{"rendered":"<p>7.40 \u20ac\/kg<\/p>\n","protected":false},"featured_media":1243761,"template":"","meta":{"_acf_changed":false,"inline_featured_image":false},"product_cat":[172,173],"product_tag":[],"acf":[],"aioseo_notices":[],"_links":{"self":[{"href":"https:\/\/ventspils.citro.lv\/ru\/wp-json\/wp\/v2\/product\/310762"}],"collection":[{"href":"https:\/\/ventspils.citro.lv\/ru\/wp-json\/wp\/v2\/product"}],"about":[{"href":"https:\/\/ventspils.citro.lv\/ru\/wp-json\/wp\/v2\/types\/product"}],"wp:featuredmedia":[{"embeddable":true,"href":"https:\/\/ventspils.citro.lv\/ru\/wp-json\/wp\/v2\/media\/1243761"}],"wp:attachment":[{"href":"https:\/\/ventspils.citro.lv\/ru\/wp-json\/wp\/v2\/media?parent=310762"}],"wp:term":[{"taxonomy":"product_cat","embeddable":true,"href":"https:\/\/ventspils.citro.lv\/ru\/wp-json\/wp\/v2\/product_cat?post=310762"},{"taxonomy":"product_tag","embeddable":true,"href":"https:\/\/ventspils.citro.lv\/ru\/wp-json\/wp\/v2\/product_tag?post=310762"}],"curies":[{"name":"wp","href":"https:\/\/api.w.org\/{rel}","templated":true}]}}