{"id":310651,"date":"2026-05-03T01:18:58","date_gmt":"2026-05-02T22:18:58","guid":{"rendered":"https:\/\/ventspils.citro.lv\/veikals\/dzeriens-gazets-pepsi-max-bezkaloriju-1-5l-pet-2\/"},"modified":"2026-05-03T01:19:07","modified_gmt":"2026-05-02T22:19:07","slug":"dzeriens-gazets-pepsi-max-bezkaloriju-1-5l-pet-2","status":"publish","type":"product","link":"https:\/\/ventspils.citro.lv\/ru\/veikals\/dzeriens-gazets-pepsi-max-bezkaloriju-1-5l-pet-2\/","title":{"rendered":"Dz\u0113riens g\u0101z\u0113ts Pepsi Max bezkaloriju 1.5l pet"},"content":{"rendered":"","protected":false},"excerpt":{"rendered":"<p>0.83 \u20ac\/l<\/p>\n","protected":false},"featured_media":1255729,"template":"","meta":{"_acf_changed":false,"inline_featured_image":false},"product_cat":[106,107],"product_tag":[],"acf":[],"aioseo_notices":[],"_links":{"self":[{"href":"https:\/\/ventspils.citro.lv\/ru\/wp-json\/wp\/v2\/product\/310651"}],"collection":[{"href":"https:\/\/ventspils.citro.lv\/ru\/wp-json\/wp\/v2\/product"}],"about":[{"href":"https:\/\/ventspils.citro.lv\/ru\/wp-json\/wp\/v2\/types\/product"}],"wp:featuredmedia":[{"embeddable":true,"href":"https:\/\/ventspils.citro.lv\/ru\/wp-json\/wp\/v2\/media\/1255729"}],"wp:attachment":[{"href":"https:\/\/ventspils.citro.lv\/ru\/wp-json\/wp\/v2\/media?parent=310651"}],"wp:term":[{"taxonomy":"product_cat","embeddable":true,"href":"https:\/\/ventspils.citro.lv\/ru\/wp-json\/wp\/v2\/product_cat?post=310651"},{"taxonomy":"product_tag","embeddable":true,"href":"https:\/\/ventspils.citro.lv\/ru\/wp-json\/wp\/v2\/product_tag?post=310651"}],"curies":[{"name":"wp","href":"https:\/\/api.w.org\/{rel}","templated":true}]}}