{"id":310261,"date":"2026-03-25T05:39:51","date_gmt":"2026-03-25T03:39:51","guid":{"rendered":"https:\/\/ventspils.citro.lv\/veikals\/popkorns-pophouse-karamelizets-ar-sokolades-garsu-180g\/"},"modified":"2026-03-25T05:40:02","modified_gmt":"2026-03-25T03:40:02","slug":"popkorns-pophouse-karamelizets-ar-sokolades-garsu-180g","status":"publish","type":"product","link":"https:\/\/ventspils.citro.lv\/ru\/veikals\/popkorns-pophouse-karamelizets-ar-sokolades-garsu-180g\/","title":{"rendered":"Popkorns Pophouse karameliz\u0113ts ar \u0161okol\u0101des gar\u0161u 180g"},"content":{"rendered":"","protected":false},"excerpt":{"rendered":"<p>7.17 \u20ac\/kg<\/p>\n","protected":false},"featured_media":1232005,"template":"","meta":{"_acf_changed":false,"inline_featured_image":false},"product_cat":[228,125],"product_tag":[],"acf":[],"aioseo_notices":[],"_links":{"self":[{"href":"https:\/\/ventspils.citro.lv\/ru\/wp-json\/wp\/v2\/product\/310261"}],"collection":[{"href":"https:\/\/ventspils.citro.lv\/ru\/wp-json\/wp\/v2\/product"}],"about":[{"href":"https:\/\/ventspils.citro.lv\/ru\/wp-json\/wp\/v2\/types\/product"}],"wp:featuredmedia":[{"embeddable":true,"href":"https:\/\/ventspils.citro.lv\/ru\/wp-json\/wp\/v2\/media\/1232005"}],"wp:attachment":[{"href":"https:\/\/ventspils.citro.lv\/ru\/wp-json\/wp\/v2\/media?parent=310261"}],"wp:term":[{"taxonomy":"product_cat","embeddable":true,"href":"https:\/\/ventspils.citro.lv\/ru\/wp-json\/wp\/v2\/product_cat?post=310261"},{"taxonomy":"product_tag","embeddable":true,"href":"https:\/\/ventspils.citro.lv\/ru\/wp-json\/wp\/v2\/product_tag?post=310261"}],"curies":[{"name":"wp","href":"https:\/\/api.w.org\/{rel}","templated":true}]}}