{"id":31011,"date":"2026-04-24T07:03:18","date_gmt":"2026-04-24T04:03:18","guid":{"rendered":"https:\/\/ventspils.citro.lv\/veikals\/lazdu-rieksti-piena-sokolade-laima-140g\/"},"modified":"2026-04-24T07:03:28","modified_gmt":"2026-04-24T04:03:28","slug":"lazdu-rieksti-piena-sokolade-laima-140g","status":"publish","type":"product","link":"https:\/\/ventspils.citro.lv\/ru\/veikals\/lazdu-rieksti-piena-sokolade-laima-140g\/","title":{"rendered":"Lazdu rieksti piena \u0161okol\u0101d\u0113 Laima 140g"},"content":{"rendered":"","protected":false},"excerpt":{"rendered":"<p>30.64 \u20ac\/kg<\/p>\n","protected":false},"featured_media":1252187,"template":"","meta":{"_acf_changed":false,"inline_featured_image":false},"product_cat":[125,207],"product_tag":[],"acf":[],"aioseo_notices":[],"_links":{"self":[{"href":"https:\/\/ventspils.citro.lv\/ru\/wp-json\/wp\/v2\/product\/31011"}],"collection":[{"href":"https:\/\/ventspils.citro.lv\/ru\/wp-json\/wp\/v2\/product"}],"about":[{"href":"https:\/\/ventspils.citro.lv\/ru\/wp-json\/wp\/v2\/types\/product"}],"wp:featuredmedia":[{"embeddable":true,"href":"https:\/\/ventspils.citro.lv\/ru\/wp-json\/wp\/v2\/media\/1252187"}],"wp:attachment":[{"href":"https:\/\/ventspils.citro.lv\/ru\/wp-json\/wp\/v2\/media?parent=31011"}],"wp:term":[{"taxonomy":"product_cat","embeddable":true,"href":"https:\/\/ventspils.citro.lv\/ru\/wp-json\/wp\/v2\/product_cat?post=31011"},{"taxonomy":"product_tag","embeddable":true,"href":"https:\/\/ventspils.citro.lv\/ru\/wp-json\/wp\/v2\/product_tag?post=31011"}],"curies":[{"name":"wp","href":"https:\/\/api.w.org\/{rel}","templated":true}]}}