{"id":31007,"date":"2026-05-12T05:27:35","date_gmt":"2026-05-12T02:27:35","guid":{"rendered":"https:\/\/ventspils.citro.lv\/veikals\/mandeles-tumsaja-sokolade-laima-140g\/"},"modified":"2026-05-12T05:27:46","modified_gmt":"2026-05-12T02:27:46","slug":"mandeles-tumsaja-sokolade-laima-140g","status":"publish","type":"product","link":"https:\/\/ventspils.citro.lv\/ru\/veikals\/mandeles-tumsaja-sokolade-laima-140g\/","title":{"rendered":"Mandeles tum\u0161aj\u0101 \u0161okol\u0101d\u0113 Laima 140g"},"content":{"rendered":"","protected":false},"excerpt":{"rendered":"<p>30.64 \u20ac\/kg<\/p>\n","protected":false},"featured_media":1259121,"template":"","meta":{"_acf_changed":false,"inline_featured_image":false},"product_cat":[125,207],"product_tag":[],"acf":[],"aioseo_notices":[],"_links":{"self":[{"href":"https:\/\/ventspils.citro.lv\/ru\/wp-json\/wp\/v2\/product\/31007"}],"collection":[{"href":"https:\/\/ventspils.citro.lv\/ru\/wp-json\/wp\/v2\/product"}],"about":[{"href":"https:\/\/ventspils.citro.lv\/ru\/wp-json\/wp\/v2\/types\/product"}],"wp:featuredmedia":[{"embeddable":true,"href":"https:\/\/ventspils.citro.lv\/ru\/wp-json\/wp\/v2\/media\/1259121"}],"wp:attachment":[{"href":"https:\/\/ventspils.citro.lv\/ru\/wp-json\/wp\/v2\/media?parent=31007"}],"wp:term":[{"taxonomy":"product_cat","embeddable":true,"href":"https:\/\/ventspils.citro.lv\/ru\/wp-json\/wp\/v2\/product_cat?post=31007"},{"taxonomy":"product_tag","embeddable":true,"href":"https:\/\/ventspils.citro.lv\/ru\/wp-json\/wp\/v2\/product_tag?post=31007"}],"curies":[{"name":"wp","href":"https:\/\/api.w.org\/{rel}","templated":true}]}}