{"id":30975,"date":"2026-02-18T02:09:03","date_gmt":"2026-02-18T00:09:03","guid":{"rendered":"https:\/\/ventspils.citro.lv\/veikals\/blocins-rutinu-a6-90lp-ar-spirali-augsa\/"},"modified":"2026-02-18T02:09:15","modified_gmt":"2026-02-18T00:09:15","slug":"blocins-rutinu-a6-90lp-ar-spirali-augsa","status":"publish","type":"product","link":"https:\/\/ventspils.citro.lv\/ru\/veikals\/blocins-rutinu-a6-90lp-ar-spirali-augsa\/","title":{"rendered":"Bloci\u0146\u0161 r\u016bti\u0146u A6 90lp ar spir\u0101li aug\u0161\u0101"},"content":{"rendered":"","protected":false},"excerpt":{"rendered":"<p>1.79 \u20ac\/gb<\/p>\n","protected":false},"featured_media":1210883,"template":"","meta":{"_acf_changed":false,"inline_featured_image":false},"product_cat":[131,198],"product_tag":[],"acf":[],"aioseo_notices":[],"_links":{"self":[{"href":"https:\/\/ventspils.citro.lv\/ru\/wp-json\/wp\/v2\/product\/30975"}],"collection":[{"href":"https:\/\/ventspils.citro.lv\/ru\/wp-json\/wp\/v2\/product"}],"about":[{"href":"https:\/\/ventspils.citro.lv\/ru\/wp-json\/wp\/v2\/types\/product"}],"wp:featuredmedia":[{"embeddable":true,"href":"https:\/\/ventspils.citro.lv\/ru\/wp-json\/wp\/v2\/media\/1210883"}],"wp:attachment":[{"href":"https:\/\/ventspils.citro.lv\/ru\/wp-json\/wp\/v2\/media?parent=30975"}],"wp:term":[{"taxonomy":"product_cat","embeddable":true,"href":"https:\/\/ventspils.citro.lv\/ru\/wp-json\/wp\/v2\/product_cat?post=30975"},{"taxonomy":"product_tag","embeddable":true,"href":"https:\/\/ventspils.citro.lv\/ru\/wp-json\/wp\/v2\/product_tag?post=30975"}],"curies":[{"name":"wp","href":"https:\/\/api.w.org\/{rel}","templated":true}]}}