{"id":30971,"date":"2026-04-11T01:18:41","date_gmt":"2026-04-10T22:18:41","guid":{"rendered":"https:\/\/ventspils.citro.lv\/veikals\/vafelu-torte-lacitis-kepainitis-laima-350g\/"},"modified":"2026-04-11T01:18:46","modified_gmt":"2026-04-10T22:18:46","slug":"vafelu-torte-lacitis-kepainitis-laima-350g","status":"publish","type":"product","link":"https:\/\/ventspils.citro.lv\/ru\/veikals\/vafelu-torte-lacitis-kepainitis-laima-350g\/","title":{"rendered":"Vafe\u013cu torte L\u0101c\u012btis \u0137epain\u012btis Laima 350g"},"content":{"rendered":"","protected":false},"excerpt":{"rendered":"<p>18.54 \u20ac\/kg<\/p>\n","protected":false},"featured_media":1244545,"template":"","meta":{"_acf_changed":false,"inline_featured_image":false},"product_cat":[125,209],"product_tag":[],"acf":[],"aioseo_notices":[],"_links":{"self":[{"href":"https:\/\/ventspils.citro.lv\/ru\/wp-json\/wp\/v2\/product\/30971"}],"collection":[{"href":"https:\/\/ventspils.citro.lv\/ru\/wp-json\/wp\/v2\/product"}],"about":[{"href":"https:\/\/ventspils.citro.lv\/ru\/wp-json\/wp\/v2\/types\/product"}],"wp:featuredmedia":[{"embeddable":true,"href":"https:\/\/ventspils.citro.lv\/ru\/wp-json\/wp\/v2\/media\/1244545"}],"wp:attachment":[{"href":"https:\/\/ventspils.citro.lv\/ru\/wp-json\/wp\/v2\/media?parent=30971"}],"wp:term":[{"taxonomy":"product_cat","embeddable":true,"href":"https:\/\/ventspils.citro.lv\/ru\/wp-json\/wp\/v2\/product_cat?post=30971"},{"taxonomy":"product_tag","embeddable":true,"href":"https:\/\/ventspils.citro.lv\/ru\/wp-json\/wp\/v2\/product_tag?post=30971"}],"curies":[{"name":"wp","href":"https:\/\/api.w.org\/{rel}","templated":true}]}}