{"id":30889,"date":"2026-04-08T03:36:47","date_gmt":"2026-04-08T00:36:47","guid":{"rendered":"https:\/\/ventspils.citro.lv\/veikals\/marmelade-krasaina-varaviksne-185g\/"},"modified":"2026-04-10T18:03:43","modified_gmt":"2026-04-10T15:03:43","slug":"marmelade-krasaina-varaviksne-185g","status":"publish","type":"product","link":"https:\/\/ventspils.citro.lv\/ru\/veikals\/marmelade-krasaina-varaviksne-185g\/","title":{"rendered":"Marmel\u0101de kr\u0101sain\u0101 Varav\u012bksne 185g"},"content":{"rendered":"","protected":false},"excerpt":{"rendered":"<p>11.84 \u20ac\/kg<\/p>\n","protected":false},"featured_media":1240641,"template":"","meta":{"_acf_changed":false,"inline_featured_image":false},"product_cat":[125,207],"product_tag":[],"acf":[],"aioseo_notices":[],"_links":{"self":[{"href":"https:\/\/ventspils.citro.lv\/ru\/wp-json\/wp\/v2\/product\/30889"}],"collection":[{"href":"https:\/\/ventspils.citro.lv\/ru\/wp-json\/wp\/v2\/product"}],"about":[{"href":"https:\/\/ventspils.citro.lv\/ru\/wp-json\/wp\/v2\/types\/product"}],"wp:featuredmedia":[{"embeddable":true,"href":"https:\/\/ventspils.citro.lv\/ru\/wp-json\/wp\/v2\/media\/1240641"}],"wp:attachment":[{"href":"https:\/\/ventspils.citro.lv\/ru\/wp-json\/wp\/v2\/media?parent=30889"}],"wp:term":[{"taxonomy":"product_cat","embeddable":true,"href":"https:\/\/ventspils.citro.lv\/ru\/wp-json\/wp\/v2\/product_cat?post=30889"},{"taxonomy":"product_tag","embeddable":true,"href":"https:\/\/ventspils.citro.lv\/ru\/wp-json\/wp\/v2\/product_tag?post=30889"}],"curies":[{"name":"wp","href":"https:\/\/api.w.org\/{rel}","templated":true}]}}