{"id":30852,"date":"2026-03-28T01:39:02","date_gmt":"2026-03-27T23:39:02","guid":{"rendered":"https:\/\/ventspils.citro.lv\/veikals\/zemesrieksti-lobiti-grauzdeti-salie-200g\/"},"modified":"2026-03-28T01:39:08","modified_gmt":"2026-03-27T23:39:08","slug":"zemesrieksti-lobiti-grauzdeti-salie-alis-co-200g","status":"publish","type":"product","link":"https:\/\/ventspils.citro.lv\/ru\/veikals\/zemesrieksti-lobiti-grauzdeti-salie-alis-co-200g\/","title":{"rendered":"Zemesrieksti lob\u012bti grauzd\u0113ti s\u0101\u013cie Alis Co 200g"},"content":{"rendered":"","protected":false},"excerpt":{"rendered":"<p>7.45 \u20ac\/kg<\/p>\n","protected":false},"featured_media":1237263,"template":"","meta":{"_acf_changed":false,"inline_featured_image":false},"product_cat":[125,202],"product_tag":[],"acf":[],"aioseo_notices":[],"_links":{"self":[{"href":"https:\/\/ventspils.citro.lv\/ru\/wp-json\/wp\/v2\/product\/30852"}],"collection":[{"href":"https:\/\/ventspils.citro.lv\/ru\/wp-json\/wp\/v2\/product"}],"about":[{"href":"https:\/\/ventspils.citro.lv\/ru\/wp-json\/wp\/v2\/types\/product"}],"wp:featuredmedia":[{"embeddable":true,"href":"https:\/\/ventspils.citro.lv\/ru\/wp-json\/wp\/v2\/media\/1237263"}],"wp:attachment":[{"href":"https:\/\/ventspils.citro.lv\/ru\/wp-json\/wp\/v2\/media?parent=30852"}],"wp:term":[{"taxonomy":"product_cat","embeddable":true,"href":"https:\/\/ventspils.citro.lv\/ru\/wp-json\/wp\/v2\/product_cat?post=30852"},{"taxonomy":"product_tag","embeddable":true,"href":"https:\/\/ventspils.citro.lv\/ru\/wp-json\/wp\/v2\/product_tag?post=30852"}],"curies":[{"name":"wp","href":"https:\/\/api.w.org\/{rel}","templated":true}]}}