{"id":308509,"date":"2026-04-26T01:09:03","date_gmt":"2026-04-25T22:09:03","guid":{"rendered":"https:\/\/ventspils.citro.lv\/veikals\/kaposti-stoveti-700g\/"},"modified":"2026-04-26T01:09:26","modified_gmt":"2026-04-25T22:09:26","slug":"kaposti-stoveti-700g-spainiti","status":"publish","type":"product","link":"https:\/\/ventspils.citro.lv\/ru\/veikals\/kaposti-stoveti-700g-spainiti\/","title":{"rendered":"K\u0101posti \u0161tov\u0113ti 700g spain\u012bt\u012b"},"content":{"rendered":"","protected":false},"excerpt":{"rendered":"<p>4.70 \u20ac\/kg<\/p>\n","protected":false},"featured_media":1253777,"template":"","meta":{"_acf_changed":false,"inline_featured_image":false},"product_cat":[97,159],"product_tag":[],"acf":[],"aioseo_notices":[],"_links":{"self":[{"href":"https:\/\/ventspils.citro.lv\/ru\/wp-json\/wp\/v2\/product\/308509"}],"collection":[{"href":"https:\/\/ventspils.citro.lv\/ru\/wp-json\/wp\/v2\/product"}],"about":[{"href":"https:\/\/ventspils.citro.lv\/ru\/wp-json\/wp\/v2\/types\/product"}],"wp:featuredmedia":[{"embeddable":true,"href":"https:\/\/ventspils.citro.lv\/ru\/wp-json\/wp\/v2\/media\/1253777"}],"wp:attachment":[{"href":"https:\/\/ventspils.citro.lv\/ru\/wp-json\/wp\/v2\/media?parent=308509"}],"wp:term":[{"taxonomy":"product_cat","embeddable":true,"href":"https:\/\/ventspils.citro.lv\/ru\/wp-json\/wp\/v2\/product_cat?post=308509"},{"taxonomy":"product_tag","embeddable":true,"href":"https:\/\/ventspils.citro.lv\/ru\/wp-json\/wp\/v2\/product_tag?post=308509"}],"curies":[{"name":"wp","href":"https:\/\/api.w.org\/{rel}","templated":true}]}}