{"id":30726,"date":"2026-04-28T02:15:15","date_gmt":"2026-04-27T23:15:15","guid":{"rendered":"https:\/\/ventspils.citro.lv\/veikals\/papira-dvieli-grite-orchidea-2rulli\/"},"modified":"2026-04-28T02:15:21","modified_gmt":"2026-04-27T23:15:21","slug":"papira-dvieli-grite-orchidea-2rulli","status":"publish","type":"product","link":"https:\/\/ventspils.citro.lv\/ru\/veikals\/papira-dvieli-grite-orchidea-2rulli\/","title":{"rendered":"Pap\u012bra dvie\u013ci Grite Orchidea 2ru\u013c\u013ci"},"content":{"rendered":"","protected":false},"excerpt":{"rendered":"<p>1.25 \u20ac\/gb<\/p>\n","protected":false},"featured_media":1254010,"template":"","meta":{"_acf_changed":false,"inline_featured_image":false},"product_cat":[131,163],"product_tag":[],"acf":[],"aioseo_notices":[],"_links":{"self":[{"href":"https:\/\/ventspils.citro.lv\/ru\/wp-json\/wp\/v2\/product\/30726"}],"collection":[{"href":"https:\/\/ventspils.citro.lv\/ru\/wp-json\/wp\/v2\/product"}],"about":[{"href":"https:\/\/ventspils.citro.lv\/ru\/wp-json\/wp\/v2\/types\/product"}],"wp:featuredmedia":[{"embeddable":true,"href":"https:\/\/ventspils.citro.lv\/ru\/wp-json\/wp\/v2\/media\/1254010"}],"wp:attachment":[{"href":"https:\/\/ventspils.citro.lv\/ru\/wp-json\/wp\/v2\/media?parent=30726"}],"wp:term":[{"taxonomy":"product_cat","embeddable":true,"href":"https:\/\/ventspils.citro.lv\/ru\/wp-json\/wp\/v2\/product_cat?post=30726"},{"taxonomy":"product_tag","embeddable":true,"href":"https:\/\/ventspils.citro.lv\/ru\/wp-json\/wp\/v2\/product_tag?post=30726"}],"curies":[{"name":"wp","href":"https:\/\/api.w.org\/{rel}","templated":true}]}}