{"id":306496,"date":"2026-04-24T09:03:14","date_gmt":"2026-04-24T06:03:14","guid":{"rendered":"https:\/\/ventspils.citro.lv\/veikals\/mineraludens-akvile-viegli-gazets-1-5l-2\/"},"modified":"2026-05-13T14:32:12","modified_gmt":"2026-05-13T11:32:12","slug":"mineraludens-akvile-viegli-gazets-1-5l-2","status":"publish","type":"product","link":"https:\/\/ventspils.citro.lv\/ru\/veikals\/mineraludens-akvile-viegli-gazets-1-5l-2\/","title":{"rendered":"Miner\u0101l\u016bdens Akvile viegli g\u0101z\u0113ts  1.5l"},"content":{"rendered":"","protected":false},"excerpt":{"rendered":"<p>0.30 \u20ac\/l<\/p>\n","protected":false},"featured_media":1252724,"template":"","meta":{"_acf_changed":false,"inline_featured_image":false},"product_cat":[106,186],"product_tag":[],"acf":[],"aioseo_notices":[],"_links":{"self":[{"href":"https:\/\/ventspils.citro.lv\/ru\/wp-json\/wp\/v2\/product\/306496"}],"collection":[{"href":"https:\/\/ventspils.citro.lv\/ru\/wp-json\/wp\/v2\/product"}],"about":[{"href":"https:\/\/ventspils.citro.lv\/ru\/wp-json\/wp\/v2\/types\/product"}],"wp:featuredmedia":[{"embeddable":true,"href":"https:\/\/ventspils.citro.lv\/ru\/wp-json\/wp\/v2\/media\/1252724"}],"wp:attachment":[{"href":"https:\/\/ventspils.citro.lv\/ru\/wp-json\/wp\/v2\/media?parent=306496"}],"wp:term":[{"taxonomy":"product_cat","embeddable":true,"href":"https:\/\/ventspils.citro.lv\/ru\/wp-json\/wp\/v2\/product_cat?post=306496"},{"taxonomy":"product_tag","embeddable":true,"href":"https:\/\/ventspils.citro.lv\/ru\/wp-json\/wp\/v2\/product_tag?post=306496"}],"curies":[{"name":"wp","href":"https:\/\/api.w.org\/{rel}","templated":true}]}}