{"id":30611,"date":"2026-03-31T01:51:45","date_gmt":"2026-03-30T22:51:45","guid":{"rendered":"https:\/\/ventspils.citro.lv\/veikals\/merce-tomatu-kinas-saldskaba-spilva-500ml\/"},"modified":"2026-03-31T01:51:56","modified_gmt":"2026-03-30T22:51:56","slug":"merce-tomatu-kinas-saldskaba-spilva-500ml","status":"publish","type":"product","link":"https:\/\/ventspils.citro.lv\/ru\/veikals\/merce-tomatu-kinas-saldskaba-spilva-500ml\/","title":{"rendered":"M\u0113rce tom\u0101tu \u0136\u012bnas saldsk\u0101b\u0101 Spilva 500ml"},"content":{"rendered":"","protected":false},"excerpt":{"rendered":"<p>6.70 \u20ac\/l<\/p>\n","protected":false},"featured_media":1237757,"template":"","meta":{"_acf_changed":false,"inline_featured_image":false},"product_cat":[116,148],"product_tag":[],"acf":[],"aioseo_notices":[],"_links":{"self":[{"href":"https:\/\/ventspils.citro.lv\/ru\/wp-json\/wp\/v2\/product\/30611"}],"collection":[{"href":"https:\/\/ventspils.citro.lv\/ru\/wp-json\/wp\/v2\/product"}],"about":[{"href":"https:\/\/ventspils.citro.lv\/ru\/wp-json\/wp\/v2\/types\/product"}],"wp:featuredmedia":[{"embeddable":true,"href":"https:\/\/ventspils.citro.lv\/ru\/wp-json\/wp\/v2\/media\/1237757"}],"wp:attachment":[{"href":"https:\/\/ventspils.citro.lv\/ru\/wp-json\/wp\/v2\/media?parent=30611"}],"wp:term":[{"taxonomy":"product_cat","embeddable":true,"href":"https:\/\/ventspils.citro.lv\/ru\/wp-json\/wp\/v2\/product_cat?post=30611"},{"taxonomy":"product_tag","embeddable":true,"href":"https:\/\/ventspils.citro.lv\/ru\/wp-json\/wp\/v2\/product_tag?post=30611"}],"curies":[{"name":"wp","href":"https:\/\/api.w.org\/{rel}","templated":true}]}}