{"id":305919,"date":"2026-03-27T05:21:50","date_gmt":"2026-03-27T03:21:50","guid":{"rendered":"https:\/\/ventspils.citro.lv\/veikals\/doktordesa-premium-ar-liellopu-galu-sver\/"},"modified":"2026-04-04T10:09:52","modified_gmt":"2026-04-04T07:09:52","slug":"doktordesa-premium-ar-liellopu-galu-sver","status":"publish","type":"product","link":"https:\/\/ventspils.citro.lv\/ru\/veikals\/doktordesa-premium-ar-liellopu-galu-sver\/","title":{"rendered":"Doktordesa Premium ar liellopu ga\u013cu sver."},"content":{"rendered":"<p>Sast\u0101vda\u013cas: c\u016bkga\u013ca, \u016bdens, meh\u0101niski atdal\u012bta vistas ga\u013ca, c\u016bkga\u013cas spe\u0137is, c\u016bku \u0101das, liellopu ga\u013ca 3%, s\u0101ls, PIENA pulveris 1,6%, emulgators E450, arom\u0101ta un gar\u0161as pastiprin\u0101t\u0101js E621, antioksidanti E300, E301, gar\u0161vielas aromatiz\u0113t\u0101ji, gar\u0161vielas ekstrakti, c\u016bkga\u013cas prote\u012bni, sk\u0101buma regul\u0113t\u0101ji E262, E327, E331, glikozes s\u012brups, biezin\u0101t\u0101js E425, dekstroze, karm\u012bna kr\u0101sviela, konservants E250. Desas apvalks nav \u0113dams. Ener\u0123\u0113tisk\u0101 un uzturv\u0113rt\u012bba 100g produkta: 965kJ\/231kcal, tauki 20,5g, no tiem  pies\u0101tin\u0101t\u0101s tauksk\u0101bes 8g, og\u013chidr\u0101ti 1,4g, no tiem cukurs 1,3g, olbaltumvielas 10,3g, s\u0101ls 2,3g. Izcelsmes vieta ES. Uzglab\u0101\u0161anas nosac\u012bjumi: 0 +6C.<\/p>\n","protected":false},"excerpt":{"rendered":"<p>3.99 \u20ac\/kg<\/p>\n","protected":false},"featured_media":1235362,"template":"","meta":{"_acf_changed":false,"inline_featured_image":false},"product_cat":[135,144],"product_tag":[],"acf":[],"aioseo_notices":[],"_links":{"self":[{"href":"https:\/\/ventspils.citro.lv\/ru\/wp-json\/wp\/v2\/product\/305919"}],"collection":[{"href":"https:\/\/ventspils.citro.lv\/ru\/wp-json\/wp\/v2\/product"}],"about":[{"href":"https:\/\/ventspils.citro.lv\/ru\/wp-json\/wp\/v2\/types\/product"}],"wp:featuredmedia":[{"embeddable":true,"href":"https:\/\/ventspils.citro.lv\/ru\/wp-json\/wp\/v2\/media\/1235362"}],"wp:attachment":[{"href":"https:\/\/ventspils.citro.lv\/ru\/wp-json\/wp\/v2\/media?parent=305919"}],"wp:term":[{"taxonomy":"product_cat","embeddable":true,"href":"https:\/\/ventspils.citro.lv\/ru\/wp-json\/wp\/v2\/product_cat?post=305919"},{"taxonomy":"product_tag","embeddable":true,"href":"https:\/\/ventspils.citro.lv\/ru\/wp-json\/wp\/v2\/product_tag?post=305919"}],"curies":[{"name":"wp","href":"https:\/\/api.w.org\/{rel}","templated":true}]}}