{"id":30548,"date":"2026-03-24T01:33:50","date_gmt":"2026-03-23T23:33:50","guid":{"rendered":"https:\/\/ventspils.citro.lv\/veikals\/saldejuma-rulete-tango-vanilas-ar-salo-karameli-1000ml-480g\/"},"modified":"2026-03-24T01:33:59","modified_gmt":"2026-03-23T23:33:59","slug":"saldejuma-rulete-tango-vanilas-ar-salo-karameli-1000ml-480g","status":"publish","type":"product","link":"https:\/\/ventspils.citro.lv\/ru\/veikals\/saldejuma-rulete-tango-vanilas-ar-salo-karameli-1000ml-480g\/","title":{"rendered":"Sald\u0113juma rulete Tango vani\u013cas ar s\u0101\u013co karameli 1000ml\/480g"},"content":{"rendered":"","protected":false},"excerpt":{"rendered":"<p>7.06 \u20ac\/kg<\/p>\n","protected":false},"featured_media":1231128,"template":"","meta":{"_acf_changed":false,"inline_featured_image":false},"product_cat":[233,546],"product_tag":[],"acf":[],"aioseo_notices":[],"_links":{"self":[{"href":"https:\/\/ventspils.citro.lv\/ru\/wp-json\/wp\/v2\/product\/30548"}],"collection":[{"href":"https:\/\/ventspils.citro.lv\/ru\/wp-json\/wp\/v2\/product"}],"about":[{"href":"https:\/\/ventspils.citro.lv\/ru\/wp-json\/wp\/v2\/types\/product"}],"wp:featuredmedia":[{"embeddable":true,"href":"https:\/\/ventspils.citro.lv\/ru\/wp-json\/wp\/v2\/media\/1231128"}],"wp:attachment":[{"href":"https:\/\/ventspils.citro.lv\/ru\/wp-json\/wp\/v2\/media?parent=30548"}],"wp:term":[{"taxonomy":"product_cat","embeddable":true,"href":"https:\/\/ventspils.citro.lv\/ru\/wp-json\/wp\/v2\/product_cat?post=30548"},{"taxonomy":"product_tag","embeddable":true,"href":"https:\/\/ventspils.citro.lv\/ru\/wp-json\/wp\/v2\/product_tag?post=30548"}],"curies":[{"name":"wp","href":"https:\/\/api.w.org\/{rel}","templated":true}]}}