{"id":30468,"date":"2025-11-14T01:54:23","date_gmt":"2025-11-13T23:54:23","guid":{"rendered":"https:\/\/ventspils.citro.lv\/veikals\/saldejums-oreo-krejuma-garsas-uz-kocina-110ml-65g\/"},"modified":"2025-11-14T01:54:34","modified_gmt":"2025-11-13T23:54:34","slug":"saldejums-oreo-krejuma-garsas-uz-kocina-90ml-64g","status":"publish","type":"product","link":"https:\/\/ventspils.citro.lv\/ru\/veikals\/saldejums-oreo-krejuma-garsas-uz-kocina-90ml-64g\/","title":{"rendered":"Sald\u0113jums Oreo kr\u0113juma gar\u0161as uz koci\u0146a 90ml\/64g"},"content":{"rendered":"","protected":false},"excerpt":{"rendered":"<p>31.09 \u20ac\/kg<\/p>\n","protected":false},"featured_media":1159473,"template":"","meta":{"_acf_changed":false,"inline_featured_image":false},"product_cat":[233,555],"product_tag":[],"acf":[],"aioseo_notices":[],"_links":{"self":[{"href":"https:\/\/ventspils.citro.lv\/ru\/wp-json\/wp\/v2\/product\/30468"}],"collection":[{"href":"https:\/\/ventspils.citro.lv\/ru\/wp-json\/wp\/v2\/product"}],"about":[{"href":"https:\/\/ventspils.citro.lv\/ru\/wp-json\/wp\/v2\/types\/product"}],"wp:featuredmedia":[{"embeddable":true,"href":"https:\/\/ventspils.citro.lv\/ru\/wp-json\/wp\/v2\/media\/1159473"}],"wp:attachment":[{"href":"https:\/\/ventspils.citro.lv\/ru\/wp-json\/wp\/v2\/media?parent=30468"}],"wp:term":[{"taxonomy":"product_cat","embeddable":true,"href":"https:\/\/ventspils.citro.lv\/ru\/wp-json\/wp\/v2\/product_cat?post=30468"},{"taxonomy":"product_tag","embeddable":true,"href":"https:\/\/ventspils.citro.lv\/ru\/wp-json\/wp\/v2\/product_tag?post=30468"}],"curies":[{"name":"wp","href":"https:\/\/api.w.org\/{rel}","templated":true}]}}