{"id":303518,"date":"2026-04-24T09:09:02","date_gmt":"2026-04-24T06:09:02","guid":{"rendered":"https:\/\/ventspils.citro.lv\/veikals\/saulespuku-seklas-stripainas-ar-sali-y-e-s-300g\/"},"modified":"2026-04-24T09:09:13","modified_gmt":"2026-04-24T06:09:13","slug":"saulespuku-seklas-yes-stripainas-ar-sali-300g","status":"publish","type":"product","link":"https:\/\/ventspils.citro.lv\/ru\/veikals\/saulespuku-seklas-yes-stripainas-ar-sali-300g\/","title":{"rendered":"Saulespu\u0137u s\u0113klas Yes str\u012bpainas ar s\u0101li 300g"},"content":{"rendered":"","protected":false},"excerpt":{"rendered":"<p>6.63 \u20ac\/kg<\/p>\n","protected":false},"featured_media":1252745,"template":"","meta":{"_acf_changed":false,"inline_featured_image":false},"product_cat":[125,197],"product_tag":[],"acf":[],"aioseo_notices":[],"_links":{"self":[{"href":"https:\/\/ventspils.citro.lv\/ru\/wp-json\/wp\/v2\/product\/303518"}],"collection":[{"href":"https:\/\/ventspils.citro.lv\/ru\/wp-json\/wp\/v2\/product"}],"about":[{"href":"https:\/\/ventspils.citro.lv\/ru\/wp-json\/wp\/v2\/types\/product"}],"wp:featuredmedia":[{"embeddable":true,"href":"https:\/\/ventspils.citro.lv\/ru\/wp-json\/wp\/v2\/media\/1252745"}],"wp:attachment":[{"href":"https:\/\/ventspils.citro.lv\/ru\/wp-json\/wp\/v2\/media?parent=303518"}],"wp:term":[{"taxonomy":"product_cat","embeddable":true,"href":"https:\/\/ventspils.citro.lv\/ru\/wp-json\/wp\/v2\/product_cat?post=303518"},{"taxonomy":"product_tag","embeddable":true,"href":"https:\/\/ventspils.citro.lv\/ru\/wp-json\/wp\/v2\/product_tag?post=303518"}],"curies":[{"name":"wp","href":"https:\/\/api.w.org\/{rel}","templated":true}]}}