{"id":303508,"date":"2026-04-24T09:03:54","date_gmt":"2026-04-24T06:03:54","guid":{"rendered":"https:\/\/ventspils.citro.lv\/veikals\/biezenis-rudolfs-bio-bumbierubananuerkskogu-110g\/"},"modified":"2026-04-24T09:04:03","modified_gmt":"2026-04-24T06:04:03","slug":"biezenis-rudolfs-bio-bumbierubananuerkskogu-110g","status":"publish","type":"product","link":"https:\/\/ventspils.citro.lv\/ru\/veikals\/biezenis-rudolfs-bio-bumbierubananuerkskogu-110g\/","title":{"rendered":"Biezenis R\u016bdolfs BIO bumbieru,ban\u0101nu,\u0113rk\u0161\u0137ogu 110g"},"content":{"rendered":"","protected":false},"excerpt":{"rendered":"<p>14.09 \u20ac\/kg<\/p>\n","protected":false},"featured_media":1252731,"template":"","meta":{"_acf_changed":false,"inline_featured_image":false},"product_cat":[172,173],"product_tag":[],"acf":[],"aioseo_notices":[],"_links":{"self":[{"href":"https:\/\/ventspils.citro.lv\/ru\/wp-json\/wp\/v2\/product\/303508"}],"collection":[{"href":"https:\/\/ventspils.citro.lv\/ru\/wp-json\/wp\/v2\/product"}],"about":[{"href":"https:\/\/ventspils.citro.lv\/ru\/wp-json\/wp\/v2\/types\/product"}],"wp:featuredmedia":[{"embeddable":true,"href":"https:\/\/ventspils.citro.lv\/ru\/wp-json\/wp\/v2\/media\/1252731"}],"wp:attachment":[{"href":"https:\/\/ventspils.citro.lv\/ru\/wp-json\/wp\/v2\/media?parent=303508"}],"wp:term":[{"taxonomy":"product_cat","embeddable":true,"href":"https:\/\/ventspils.citro.lv\/ru\/wp-json\/wp\/v2\/product_cat?post=303508"},{"taxonomy":"product_tag","embeddable":true,"href":"https:\/\/ventspils.citro.lv\/ru\/wp-json\/wp\/v2\/product_tag?post=303508"}],"curies":[{"name":"wp","href":"https:\/\/api.w.org\/{rel}","templated":true}]}}