{"id":303128,"date":"2026-03-27T08:27:25","date_gmt":"2026-03-27T06:27:25","guid":{"rendered":"https:\/\/ventspils.citro.lv\/veikals\/biezenis-rudolfs-bio-bumbieru-zavetu-plumju-110g\/"},"modified":"2026-03-27T08:27:35","modified_gmt":"2026-03-27T06:27:35","slug":"biezenis-rudolfs-bio-bumbieru-zavetu-plumju-110g","status":"publish","type":"product","link":"https:\/\/ventspils.citro.lv\/ru\/veikals\/biezenis-rudolfs-bio-bumbieru-zavetu-plumju-110g\/","title":{"rendered":"Biezenis R\u016bdolfs Bio bumbieru \u017e\u0101v\u0113tu pl\u016bmju 110g"},"content":{"rendered":"","protected":false},"excerpt":{"rendered":"<p>13.55 \u20ac\/kg<\/p>\n","protected":false},"featured_media":1236079,"template":"","meta":{"_acf_changed":false,"inline_featured_image":false},"product_cat":[172,173],"product_tag":[],"acf":[],"aioseo_notices":[],"_links":{"self":[{"href":"https:\/\/ventspils.citro.lv\/ru\/wp-json\/wp\/v2\/product\/303128"}],"collection":[{"href":"https:\/\/ventspils.citro.lv\/ru\/wp-json\/wp\/v2\/product"}],"about":[{"href":"https:\/\/ventspils.citro.lv\/ru\/wp-json\/wp\/v2\/types\/product"}],"wp:featuredmedia":[{"embeddable":true,"href":"https:\/\/ventspils.citro.lv\/ru\/wp-json\/wp\/v2\/media\/1236079"}],"wp:attachment":[{"href":"https:\/\/ventspils.citro.lv\/ru\/wp-json\/wp\/v2\/media?parent=303128"}],"wp:term":[{"taxonomy":"product_cat","embeddable":true,"href":"https:\/\/ventspils.citro.lv\/ru\/wp-json\/wp\/v2\/product_cat?post=303128"},{"taxonomy":"product_tag","embeddable":true,"href":"https:\/\/ventspils.citro.lv\/ru\/wp-json\/wp\/v2\/product_tag?post=303128"}],"curies":[{"name":"wp","href":"https:\/\/api.w.org\/{rel}","templated":true}]}}