{"id":303126,"date":"2026-03-27T08:27:14","date_gmt":"2026-03-27T06:27:14","guid":{"rendered":"https:\/\/ventspils.citro.lv\/veikals\/biezenis-rudolfs-bio-abolu-bananu-mellenu-110g\/"},"modified":"2026-03-27T08:27:24","modified_gmt":"2026-03-27T06:27:24","slug":"biezenis-rudolfs-bio-abolu-bananu-mellenu-110g","status":"publish","type":"product","link":"https:\/\/ventspils.citro.lv\/ru\/veikals\/biezenis-rudolfs-bio-abolu-bananu-mellenu-110g\/","title":{"rendered":"Biezenis R\u016bdolfs Bio \u0101bolu ban\u0101nu melle\u0146u 110g"},"content":{"rendered":"","protected":false},"excerpt":{"rendered":"<p>13.55 \u20ac\/kg<\/p>\n","protected":false},"featured_media":1236077,"template":"","meta":{"_acf_changed":false,"inline_featured_image":false},"product_cat":[172,173],"product_tag":[],"acf":[],"aioseo_notices":[],"_links":{"self":[{"href":"https:\/\/ventspils.citro.lv\/ru\/wp-json\/wp\/v2\/product\/303126"}],"collection":[{"href":"https:\/\/ventspils.citro.lv\/ru\/wp-json\/wp\/v2\/product"}],"about":[{"href":"https:\/\/ventspils.citro.lv\/ru\/wp-json\/wp\/v2\/types\/product"}],"wp:featuredmedia":[{"embeddable":true,"href":"https:\/\/ventspils.citro.lv\/ru\/wp-json\/wp\/v2\/media\/1236077"}],"wp:attachment":[{"href":"https:\/\/ventspils.citro.lv\/ru\/wp-json\/wp\/v2\/media?parent=303126"}],"wp:term":[{"taxonomy":"product_cat","embeddable":true,"href":"https:\/\/ventspils.citro.lv\/ru\/wp-json\/wp\/v2\/product_cat?post=303126"},{"taxonomy":"product_tag","embeddable":true,"href":"https:\/\/ventspils.citro.lv\/ru\/wp-json\/wp\/v2\/product_tag?post=303126"}],"curies":[{"name":"wp","href":"https:\/\/api.w.org\/{rel}","templated":true}]}}