{"id":30244,"date":"2026-02-25T04:21:17","date_gmt":"2026-02-25T02:21:17","guid":{"rendered":"https:\/\/ventspils.citro.lv\/veikals\/burkanu-rausis\/"},"modified":"2026-04-10T08:58:22","modified_gmt":"2026-04-10T05:58:22","slug":"burkanu-rausis","status":"publish","type":"product","link":"https:\/\/ventspils.citro.lv\/ru\/veikals\/burkanu-rausis\/","title":{"rendered":"Burk\u0101nu rausis"},"content":{"rendered":"<p>Sast\u0101vda\u013cas : RUDZU milti, burk\u0101ni, kartupe\u013ci, PIENS, MARGAR\u012aNS(augu tauki (palmu, kokosa),  rap\u0161u e\u013c\u013ca, emulgators E471, sk\u0101buma regul\u0113t\u0101js E330, dab\u012bgs aromatiz\u0113t\u0101js, p\u0101rtikas kr\u0101sviela E160a ), sk\u0101bais KR\u0112JUMS, OLAS, cukurs, p\u0101rtikas s\u0101ls. 100G produkta satur:  ener\u0123\u0113tisk\u0101 v\u0113rt\u012bba 874 KJ\/ 209 kcal,  tauki 8,6 g, tostarp pies\u0101tin\u0101t\u0101s tauksk\u0101bes 4,3 g, og\u013chidr\u0101ti 25 g , tostarp cukurs 3,6 g , \u0161\u0137iedrvielas 5,7 g, olbaltumvielas 4,4 g, s\u0101ls 0,8 g. Uzglab.temp.: +2&#8230;+6 C. Izlietot l\u012bdz: nor\u0101d\u012bts uz iepakojuma. Ra\u017eot\u0101js: SIA Di\u0101na Bistro, Andreja iela 5, Ventspils, LV-3601.Latvija<\/p>\n","protected":false},"excerpt":{"rendered":"<p>4.23 \u20ac\/gb<\/p>\n","protected":false},"featured_media":1214058,"template":"","meta":{"_acf_changed":false,"inline_featured_image":false},"product_cat":[109,110],"product_tag":[],"acf":[],"aioseo_notices":[],"_links":{"self":[{"href":"https:\/\/ventspils.citro.lv\/ru\/wp-json\/wp\/v2\/product\/30244"}],"collection":[{"href":"https:\/\/ventspils.citro.lv\/ru\/wp-json\/wp\/v2\/product"}],"about":[{"href":"https:\/\/ventspils.citro.lv\/ru\/wp-json\/wp\/v2\/types\/product"}],"wp:featuredmedia":[{"embeddable":true,"href":"https:\/\/ventspils.citro.lv\/ru\/wp-json\/wp\/v2\/media\/1214058"}],"wp:attachment":[{"href":"https:\/\/ventspils.citro.lv\/ru\/wp-json\/wp\/v2\/media?parent=30244"}],"wp:term":[{"taxonomy":"product_cat","embeddable":true,"href":"https:\/\/ventspils.citro.lv\/ru\/wp-json\/wp\/v2\/product_cat?post=30244"},{"taxonomy":"product_tag","embeddable":true,"href":"https:\/\/ventspils.citro.lv\/ru\/wp-json\/wp\/v2\/product_tag?post=30244"}],"curies":[{"name":"wp","href":"https:\/\/api.w.org\/{rel}","templated":true}]}}