{"id":302415,"date":"2026-04-18T01:03:02","date_gmt":"2026-04-17T22:03:02","guid":{"rendered":"https:\/\/ventspils.citro.lv\/veikals\/salda-krejuma-krems-karums-karamelu-150g\/"},"modified":"2026-04-18T01:03:12","modified_gmt":"2026-04-17T22:03:12","slug":"salda-krejuma-krems-karums-karamelu-150g","status":"publish","type":"product","link":"https:\/\/ventspils.citro.lv\/ru\/veikals\/salda-krejuma-krems-karums-karamelu-150g\/","title":{"rendered":"Sald\u0101 kr\u0113juma kr\u0113ms K\u0101rums karame\u013cu 150g"},"content":{"rendered":"","protected":false},"excerpt":{"rendered":"<p>7.67 \u20ac\/kg<\/p>\n","protected":false},"featured_media":1247014,"template":"","meta":{"_acf_changed":false,"inline_featured_image":false},"product_cat":[95,188],"product_tag":[],"acf":[],"aioseo_notices":[],"_links":{"self":[{"href":"https:\/\/ventspils.citro.lv\/ru\/wp-json\/wp\/v2\/product\/302415"}],"collection":[{"href":"https:\/\/ventspils.citro.lv\/ru\/wp-json\/wp\/v2\/product"}],"about":[{"href":"https:\/\/ventspils.citro.lv\/ru\/wp-json\/wp\/v2\/types\/product"}],"wp:featuredmedia":[{"embeddable":true,"href":"https:\/\/ventspils.citro.lv\/ru\/wp-json\/wp\/v2\/media\/1247014"}],"wp:attachment":[{"href":"https:\/\/ventspils.citro.lv\/ru\/wp-json\/wp\/v2\/media?parent=302415"}],"wp:term":[{"taxonomy":"product_cat","embeddable":true,"href":"https:\/\/ventspils.citro.lv\/ru\/wp-json\/wp\/v2\/product_cat?post=302415"},{"taxonomy":"product_tag","embeddable":true,"href":"https:\/\/ventspils.citro.lv\/ru\/wp-json\/wp\/v2\/product_tag?post=302415"}],"curies":[{"name":"wp","href":"https:\/\/api.w.org\/{rel}","templated":true}]}}