{"id":30236,"date":"2024-08-17T01:39:05","date_gmt":"2024-08-16T22:39:05","guid":{"rendered":"https:\/\/ventspils.citro.lv\/veikals\/eklers-liels-karamelu\/"},"modified":"2026-03-02T16:04:21","modified_gmt":"2026-03-02T14:04:21","slug":"eklers-liels-karamelu","status":"publish","type":"product","link":"https:\/\/ventspils.citro.lv\/ru\/veikals\/eklers-liels-karamelu\/","title":{"rendered":"Eklers liels karame\u013cu"},"content":{"rendered":"<p>Sast\u0101vda\u013cas: m\u012bkla (OLAS, KVIE\u0160U milti, \u016bdens, margar\u012bns (augu tauki (palmu, kokosa), rap\u0161u e\u013c\u013ca, emulgators: E471, sk\u0101buma regul\u0113t\u0101js: E330, dab\u012bgs aromatiz\u0113t\u0101js, p\u0101rtikas kr\u0101sviela:  E160a), s\u0101ls. Pild\u012bjums (v\u0101r\u012bts iebiezin\u0101t\u0101 piena pild\u012bjums (cukurs, \u016bdens, V\u0100JPIENA PULVERIS, nehidrogen\u0113ti palmu tauki, glikozes s\u012brups, biezin\u0101t\u0101ji (kukur\u016bzas ciete, E509, karagin\u0101ns, pekt\u012bns), stabiliz\u0113t\u0101ji (E451, E452, Ha-lakt\u0101zes ferments), konservants (sorb\u012bnsk\u0101be)), putkr\u0113jums uz augu tauku b\u0101zes (\u016bdens, piln\u012bgi hidrogen\u0113ta palmu kodolu e\u013c\u013ca 25%, cukurs 12%, PIENA olbaltumvielas, emulgatori: E472b, E322 [SOJA], E472e; stabiliz\u0113t\u0101ji: E460, E466, E340; aromatiz\u0113t\u0101js, kr\u0101sviela: E160a )). Glaz\u016bra: mais\u012bjums glaz\u016bras pagatavo\u0161anai (cukurs, glikozes s\u012brups), \u016bdens, kakao ar pazemin\u0101tu tauku saturu, ZEMESRIEKSTI. 100 g produkta satur:  ener\u0123\u0113tisk\u0101 v\u0113rt\u012bba 1737KJ\/414kcal, tauki 22,1 g, pies\u0101tin\u0101t\u0101s tauksk\u0101bes 11,5 g, og\u013chidr\u0101ti 43,8 g, tostarp cukurs 25,8 g, \u0161\u0137iedrvielas 2,1 g, olbaltumvielas 9 g, s\u0101ls 0,7 g. Uzglab\u0101\u0161anas apst\u0101k\u013ci: +2&#8230;+6 C. Izlietot l\u012bdz: Skat\u012bt uz iepakojuma. Ra\u017eot\u0101js: SIA &#171;Di\u0101na-bistro&#187;Andreja iela 5 Ventspils<\/p>\n","protected":false},"excerpt":{"rendered":"<p>0.79 \u20ac\/gb<\/p>\n","protected":false},"featured_media":885664,"template":"","meta":{"_acf_changed":false,"inline_featured_image":false},"product_cat":[235,109],"product_tag":[],"acf":[],"aioseo_notices":[],"_links":{"self":[{"href":"https:\/\/ventspils.citro.lv\/ru\/wp-json\/wp\/v2\/product\/30236"}],"collection":[{"href":"https:\/\/ventspils.citro.lv\/ru\/wp-json\/wp\/v2\/product"}],"about":[{"href":"https:\/\/ventspils.citro.lv\/ru\/wp-json\/wp\/v2\/types\/product"}],"wp:featuredmedia":[{"embeddable":true,"href":"https:\/\/ventspils.citro.lv\/ru\/wp-json\/wp\/v2\/media\/885664"}],"wp:attachment":[{"href":"https:\/\/ventspils.citro.lv\/ru\/wp-json\/wp\/v2\/media?parent=30236"}],"wp:term":[{"taxonomy":"product_cat","embeddable":true,"href":"https:\/\/ventspils.citro.lv\/ru\/wp-json\/wp\/v2\/product_cat?post=30236"},{"taxonomy":"product_tag","embeddable":true,"href":"https:\/\/ventspils.citro.lv\/ru\/wp-json\/wp\/v2\/product_tag?post=30236"}],"curies":[{"name":"wp","href":"https:\/\/api.w.org\/{rel}","templated":true}]}}