{"id":302243,"date":"2026-03-31T01:51:19","date_gmt":"2026-03-30T22:51:19","guid":{"rendered":"https:\/\/ventspils.citro.lv\/veikals\/grubas-perlu-tautas-4x100g\/"},"modified":"2026-03-31T18:25:31","modified_gmt":"2026-03-31T15:25:31","slug":"grubas-perlu-tautas-4x100g","status":"publish","type":"product","link":"https:\/\/ventspils.citro.lv\/ru\/veikals\/grubas-perlu-tautas-4x100g\/","title":{"rendered":"Gr\u016bbas p\u0113r\u013cu Tautas 4x100g"},"content":{"rendered":"","protected":false},"excerpt":{"rendered":"<p>4.23 \u20ac\/kg<\/p>\n","protected":false},"featured_media":1237753,"template":"","meta":{"_acf_changed":false,"inline_featured_image":false},"product_cat":[118,121],"product_tag":[],"acf":[],"aioseo_notices":[],"_links":{"self":[{"href":"https:\/\/ventspils.citro.lv\/ru\/wp-json\/wp\/v2\/product\/302243"}],"collection":[{"href":"https:\/\/ventspils.citro.lv\/ru\/wp-json\/wp\/v2\/product"}],"about":[{"href":"https:\/\/ventspils.citro.lv\/ru\/wp-json\/wp\/v2\/types\/product"}],"wp:featuredmedia":[{"embeddable":true,"href":"https:\/\/ventspils.citro.lv\/ru\/wp-json\/wp\/v2\/media\/1237753"}],"wp:attachment":[{"href":"https:\/\/ventspils.citro.lv\/ru\/wp-json\/wp\/v2\/media?parent=302243"}],"wp:term":[{"taxonomy":"product_cat","embeddable":true,"href":"https:\/\/ventspils.citro.lv\/ru\/wp-json\/wp\/v2\/product_cat?post=302243"},{"taxonomy":"product_tag","embeddable":true,"href":"https:\/\/ventspils.citro.lv\/ru\/wp-json\/wp\/v2\/product_tag?post=302243"}],"curies":[{"name":"wp","href":"https:\/\/api.w.org\/{rel}","templated":true}]}}