{"id":30224,"date":"2026-03-28T01:30:28","date_gmt":"2026-03-27T23:30:28","guid":{"rendered":"https:\/\/ventspils.citro.lv\/veikals\/grozini-salie-12gb\/"},"modified":"2026-03-28T01:30:33","modified_gmt":"2026-03-27T23:30:33","slug":"grozini-salie-12gb","status":"publish","type":"product","link":"https:\/\/ventspils.citro.lv\/ru\/veikals\/grozini-salie-12gb\/","title":{"rendered":"Grozi\u0146i s\u0101\u013cie 12gb"},"content":{"rendered":"<p>KVIE\u0160U milti, margar\u012bns (augu e\u013c\u013cas (rap\u0161u, palmu), \u016bdens, emulgatori (rap\u0161u lecit\u012bns; tauksk\u0101bju mono- un diglicer\u012bdi), sk\u0101buma regul\u0113t\u0101js(citronsk\u0101be), aromatiz\u0113t\u0101js dab\u012bgs,  kr\u0101sviela (beta karot\u012bns)), OLAS, univers\u0101l\u0101 gar\u0161viela (s\u0101ls (61,7%), kalt\u0113ti d\u0101rze\u0146i (19%): burk\u0101ni, pastinaks, p\u0113ters\u012b\u013ci, s\u012bpoli, dilles, selerija, paprika, \u0137iploks; cukurs, gar\u0161as pastiprino\u0161\u0101s vielas: monon\u0101trija glutam\u0101ts; kurkuma, melni pipari, hidroliz\u0101ts augu olbaltumvielu, tom\u0101tu pulveris, kr\u0101svielas: riboflav\u012bns), cukurs, cepamais pulveris(irdin\u0101t\u0101ji: din\u0101trija difosf\u0101ts E450i, n\u0101trija karbon\u0101ts E500), p\u0101rtikas s\u0101ls.100 g produkta satur : ener\u0123\u0113tisk\u0101 v\u0113rt\u012bba: 1928 KJ\/463 kcal,  tauki 30,3 g, tostarp pies\u0101tin\u0101t\u0101s tauksk\u0101bes 14,9 g, og\u013chidr\u0101ti 37,5 g, tostarp cukurs 1,5 g, \u0161\u0137iedrvielas 2,3 g, olbaltumvielas 8,8 g, s\u0101ls 1,5 g. Uzglab.temp.: istabas temperat\u016br\u0101. Izlietot l\u012bdz: nor\u0101d\u012bts uz iepakojuma. Ra\u017eot\u0101js: SIA Di\u0101na Bistro, Andreja iela 5, Ventspils<\/p>\n","protected":false},"excerpt":{"rendered":"<p>0.12 \u20ac\/gb<\/p>\n","protected":false},"featured_media":1237232,"template":"","meta":{"_acf_changed":false,"inline_featured_image":false},"product_cat":[109,110],"product_tag":[],"acf":[],"aioseo_notices":[],"_links":{"self":[{"href":"https:\/\/ventspils.citro.lv\/ru\/wp-json\/wp\/v2\/product\/30224"}],"collection":[{"href":"https:\/\/ventspils.citro.lv\/ru\/wp-json\/wp\/v2\/product"}],"about":[{"href":"https:\/\/ventspils.citro.lv\/ru\/wp-json\/wp\/v2\/types\/product"}],"wp:featuredmedia":[{"embeddable":true,"href":"https:\/\/ventspils.citro.lv\/ru\/wp-json\/wp\/v2\/media\/1237232"}],"wp:attachment":[{"href":"https:\/\/ventspils.citro.lv\/ru\/wp-json\/wp\/v2\/media?parent=30224"}],"wp:term":[{"taxonomy":"product_cat","embeddable":true,"href":"https:\/\/ventspils.citro.lv\/ru\/wp-json\/wp\/v2\/product_cat?post=30224"},{"taxonomy":"product_tag","embeddable":true,"href":"https:\/\/ventspils.citro.lv\/ru\/wp-json\/wp\/v2\/product_tag?post=30224"}],"curies":[{"name":"wp","href":"https:\/\/api.w.org\/{rel}","templated":true}]}}