{"id":30216,"date":"2025-11-20T02:18:38","date_gmt":"2025-11-20T00:18:38","guid":{"rendered":"https:\/\/ventspils.citro.lv\/veikals\/riekstins\/"},"modified":"2026-04-04T14:15:08","modified_gmt":"2026-04-04T11:15:08","slug":"riekstins-gb","status":"publish","type":"product","link":"https:\/\/ventspils.citro.lv\/ru\/veikals\/riekstins-gb\/","title":{"rendered":"Rieksti\u0146\u0161 gb"},"content":{"rendered":"<p>Sast\u0101vda\u013cas: smil\u0161u m\u012bkla (KVIE\u0160U milti, margar\u012bns (dz\u012bvnieku tauki (c\u016bku), augu e\u013c\u013ca (rap\u0161u), \u016bdens, s\u0101ls, emulgatori (rap\u0161u lecit\u012bns, tauksk\u0101bju mono- un diglicer\u012bdi RSPO SG), sk\u0101buma regul\u0113t\u0101js (citronsk\u0101be), aromatiz\u0113t\u0101js dab\u012bgs, kr\u0101sviela beta-karot\u012bns), cukurs, OLA, cepamais pulveris  (irdin\u0101t\u0101ji: din\u0101trija difosf\u0101ts E450i, n\u0101trija karbon\u0101ts E500), s\u0101ls), v\u0101r. iebiez. PIENS (cukurs, V\u0100JPIENA pulv., palmu e\u013c\u013ca (RSPO MB), biezin\u0101t\u0101js, stabiliz\u0113t\u0101ji (E401, E509), citrusaug\u013cu \u0161\u0137iedrvielas, konservants), ZEMESRIEKSTI drupin\u0101ti. 100g produkta satur:  ener\u0123\u0113tisk\u0101 v\u0113rt\u012bba 2246,9KJ\/536,1kcal,  tauki 27g, tostarp pies\u0101tin\u0101t\u0101s tauksk\u0101bes 8,5g, og\u013chidr\u0101ti 62g tostarp cukurs 30g \u0161\u0137iedrvielas 2,3g, olbaltumvielas 10,35g,p\u0101rt. s\u0101ls 0,5g. Izlietot l\u012bdz: skat\u012bt uz iepakojuma. Uzglab\u0101\u0161anas apst\u0101k\u013ci: istabas temperat\u016bra. Ra\u017eot\u0101js: SIA Di\u0101na-Bistro,Andreja iela -5,Ventspils<\/p>\n","protected":false},"excerpt":{"rendered":"<p>0.29 \u20ac\/gb<\/p>\n","protected":false},"featured_media":1160943,"template":"","meta":{"_acf_changed":false,"inline_featured_image":false},"product_cat":[109,110],"product_tag":[],"acf":[],"aioseo_notices":[],"_links":{"self":[{"href":"https:\/\/ventspils.citro.lv\/ru\/wp-json\/wp\/v2\/product\/30216"}],"collection":[{"href":"https:\/\/ventspils.citro.lv\/ru\/wp-json\/wp\/v2\/product"}],"about":[{"href":"https:\/\/ventspils.citro.lv\/ru\/wp-json\/wp\/v2\/types\/product"}],"wp:featuredmedia":[{"embeddable":true,"href":"https:\/\/ventspils.citro.lv\/ru\/wp-json\/wp\/v2\/media\/1160943"}],"wp:attachment":[{"href":"https:\/\/ventspils.citro.lv\/ru\/wp-json\/wp\/v2\/media?parent=30216"}],"wp:term":[{"taxonomy":"product_cat","embeddable":true,"href":"https:\/\/ventspils.citro.lv\/ru\/wp-json\/wp\/v2\/product_cat?post=30216"},{"taxonomy":"product_tag","embeddable":true,"href":"https:\/\/ventspils.citro.lv\/ru\/wp-json\/wp\/v2\/product_tag?post=30216"}],"curies":[{"name":"wp","href":"https:\/\/api.w.org\/{rel}","templated":true}]}}