{"id":30212,"date":"2025-04-17T02:24:39","date_gmt":"2025-04-16T23:24:39","guid":{"rendered":"https:\/\/ventspils.citro.lv\/veikals\/bulcina-kivi-rozite\/"},"modified":"2026-04-23T18:28:09","modified_gmt":"2026-04-23T15:28:09","slug":"bulcina-kivi-rozite","status":"publish","type":"product","link":"https:\/\/ventspils.citro.lv\/ru\/veikals\/bulcina-kivi-rozite\/","title":{"rendered":"Bulci\u0146a Kivi roz\u012bte"},"content":{"rendered":"<p>Sast\u0101vda\u013cas : m\u012bkla (KVIE\u0160U milti, \u016bdens, margar\u012bns (augu tauki (palmu, kokosa), \u016bdens, rap\u0161u e\u013c\u013ca, emulgators E471, sk\u0101buma regul\u0113t\u0101js E330, dab\u012bgs aromatiz\u0113t\u0101js, p\u0101rtikas kr\u0101sviela E160a) , cukurs, raugs, p\u0101rtikas s\u0101ls), kivi pild\u012bjums (\u016bdens, cukurs, kivi 21%, \u0101bolu bieze\u0146a koncentr\u0101ts 10,5% (atbilst 19% aug\u013cu), modific\u0113ta ciete: E1442 (kukur\u016bzas), sk\u0101buma regul\u0113t\u0101ji: E330, E333, biezin\u0101t\u0101js: E418, konservants: E202, sk\u0101buma regul\u0113t\u0101js: E331, kr\u0101svielas: E161b, E133,  Aromatiz\u0113t\u0101js), \u016bdens, cukurs. 100 g produkta satur : ener\u0123\u0113tisk\u0101 v\u0113rt\u012bba: 1608 KJ\/383 kcal,  tauki 14 g, tostarp pies\u0101tin\u0101t\u0101s tauksk\u0101bes 7 g, og\u013chidr\u0101ti 55 g, tostarp cukurs 20 g, \u0161\u0137iedrvielas 2,4 g, olbaltumvielas 8 g, s\u0101ls 0,7 g. Uzglab.temp.: istabas temperat\u016br\u0101. Izlietot l\u012bdz: nor\u0101d\u012bts uz iepakojuma. Ra\u017eot\u0101js: SIA Di\u0101na Bistro, Andreja iela 5, Ventspils.Latvija<\/p>\n","protected":false},"excerpt":{"rendered":"<p>0.37 \u20ac\/gb<\/p>\n","protected":false},"featured_media":1032605,"template":"","meta":{"_acf_changed":false,"inline_featured_image":false},"product_cat":[109,110],"product_tag":[],"acf":[],"aioseo_notices":[],"_links":{"self":[{"href":"https:\/\/ventspils.citro.lv\/ru\/wp-json\/wp\/v2\/product\/30212"}],"collection":[{"href":"https:\/\/ventspils.citro.lv\/ru\/wp-json\/wp\/v2\/product"}],"about":[{"href":"https:\/\/ventspils.citro.lv\/ru\/wp-json\/wp\/v2\/types\/product"}],"wp:featuredmedia":[{"embeddable":true,"href":"https:\/\/ventspils.citro.lv\/ru\/wp-json\/wp\/v2\/media\/1032605"}],"wp:attachment":[{"href":"https:\/\/ventspils.citro.lv\/ru\/wp-json\/wp\/v2\/media?parent=30212"}],"wp:term":[{"taxonomy":"product_cat","embeddable":true,"href":"https:\/\/ventspils.citro.lv\/ru\/wp-json\/wp\/v2\/product_cat?post=30212"},{"taxonomy":"product_tag","embeddable":true,"href":"https:\/\/ventspils.citro.lv\/ru\/wp-json\/wp\/v2\/product_tag?post=30212"}],"curies":[{"name":"wp","href":"https:\/\/api.w.org\/{rel}","templated":true}]}}