{"id":30208,"date":"2026-03-28T01:24:47","date_gmt":"2026-03-27T23:24:47","guid":{"rendered":"https:\/\/ventspils.citro.lv\/veikals\/smilsu-miklas-gredzeni\/"},"modified":"2026-04-17T12:40:20","modified_gmt":"2026-04-17T09:40:20","slug":"smilsu-miklas-gredzeni","status":"publish","type":"product","link":"https:\/\/ventspils.citro.lv\/ru\/veikals\/smilsu-miklas-gredzeni\/","title":{"rendered":"Smil\u0161u m\u012bklas gredzeni"},"content":{"rendered":"<p>Sast\u0101vda\u013cas: m\u012bkla (KVIE\u0160U milti, margar\u012bns (augu tauki (palmu, kokosa), rap\u0161u e\u013c\u013ca, emulgators: E471, sk\u0101buma regul\u0113t\u0101js: E330, dab\u012bgs aromatiz\u0113t\u0101js, p\u0101rtikas kr\u0101sviela:  E160a), cukurs, OLAS, cepamais pulveris (irdin\u0101t\u0101ji: din\u0101trija difosf\u0101ts E450i, n\u0101trija karbon\u0101ts E500), p\u0101rtikas s\u0101ls), ZEMESRIEKSTI , cukurs, OLA. 100 g produkta satur:  ener\u0123\u0113tisk\u0101 v\u0113rt\u012bba 2353KJ\/562kcal,  tauki 28,9g, tostarp pies\u0101tin\u0101t\u0101s tauksk\u0101bes 7,9g, og\u013chidr\u0101ti 63g, tostarp cukurs 28,4g, \u0161\u0137iedrvielas 3,1g, olbaltumvielas 12g, s\u0101ls 0,5g. Uzglab\u0101\u0161anas apst\u0101k\u013ci: istabas temperat\u016bra. Ra\u017eot\u0101js: SIA Di\u0101na-Bistro,Andreja iela -5,Ventspils<\/p>\n","protected":false},"excerpt":{"rendered":"<p>0.55 \u20ac\/gb<\/p>\n","protected":false},"featured_media":1237212,"template":"","meta":{"_acf_changed":false,"inline_featured_image":false},"product_cat":[109,110],"product_tag":[],"acf":[],"aioseo_notices":[],"_links":{"self":[{"href":"https:\/\/ventspils.citro.lv\/ru\/wp-json\/wp\/v2\/product\/30208"}],"collection":[{"href":"https:\/\/ventspils.citro.lv\/ru\/wp-json\/wp\/v2\/product"}],"about":[{"href":"https:\/\/ventspils.citro.lv\/ru\/wp-json\/wp\/v2\/types\/product"}],"wp:featuredmedia":[{"embeddable":true,"href":"https:\/\/ventspils.citro.lv\/ru\/wp-json\/wp\/v2\/media\/1237212"}],"wp:attachment":[{"href":"https:\/\/ventspils.citro.lv\/ru\/wp-json\/wp\/v2\/media?parent=30208"}],"wp:term":[{"taxonomy":"product_cat","embeddable":true,"href":"https:\/\/ventspils.citro.lv\/ru\/wp-json\/wp\/v2\/product_cat?post=30208"},{"taxonomy":"product_tag","embeddable":true,"href":"https:\/\/ventspils.citro.lv\/ru\/wp-json\/wp\/v2\/product_tag?post=30208"}],"curies":[{"name":"wp","href":"https:\/\/api.w.org\/{rel}","templated":true}]}}