{"id":30204,"date":"2025-08-29T04:15:40","date_gmt":"2025-08-29T01:15:40","guid":{"rendered":"https:\/\/ventspils.citro.lv\/veikals\/bulcina-pakavins\/"},"modified":"2026-01-19T20:14:51","modified_gmt":"2026-01-19T18:14:51","slug":"bulcina-pakavins","status":"publish","type":"product","link":"https:\/\/ventspils.citro.lv\/ru\/veikals\/bulcina-pakavins\/","title":{"rendered":"Bulci\u0146a Pakavi\u0146\u0161"},"content":{"rendered":"<p>Sast\u0101vda\u013cas : m\u012bkla (KVIE\u0160U milti, \u016bdens, margar\u012bns (augu tauki (palmu, kokosa), \u016bdens, rap\u0161u e\u013c\u013ca, emulgators E471, sk\u0101buma regul\u0113t\u0101js E330, dab\u012bgs aromatiz\u0113t\u0101js, p\u0101rtikas kr\u0101sviela E160a) , cukurs, raugs, p\u0101rtikas s\u0101ls), \u0101boli, p\u016bdercukurs (glikoze, KVIE\u0160U ciete, augu tauki (palmu (RSPO SG)), pretsalipes vielas: E470b, E341), KVIE\u0160U milti, cukurs, kaltkr\u0113ms (cukurs, modific\u0113ta ciete (E1414),  V\u0100JPIENA pulveris,  palmu e\u013c\u013ca RSPO MB,  S\u016aKALU pulveris,  biezin\u0101t\u0101js (E401),  s\u0101ls,  kr\u0101svielas (E160a, E101),  aromatiz\u0113t\u0101js,  PIENA olbaltumvielas), margar\u012bns (augu tauki (palmu, kokosa), \u016bdens, rap\u0161u e\u013c\u013ca, emulgators E471, sk\u0101buma regul\u0113t\u0101js E330, dab\u012bgs aromatiz\u0113t\u0101js, p\u0101rtikas kr\u0101sviela E160a), kan\u0113lis. 100 g produkta satur : ener\u0123\u0113tisk\u0101 v\u0113rt\u012bba: 1598 KJ\/380 kcal,  tauki 14 g, tostarp pies\u0101tin\u0101t\u0101s tauksk\u0101bes 6,4 g, og\u013chidr\u0101ti 56 g, tostarp cukurs 26 g, \u0161\u0137iedrvielas 2,3 g, olbaltumvielas 5,9 g, s\u0101ls 0,5 g. Uzglab.temp.: istabas temperat\u016br\u0101. Izlietot l\u012bdz: nor\u0101d\u012bts uz iepakojuma. Ra\u017eot\u0101js: SIA Di\u0101na Bistro, Andreja iela 5, Ventspils.Latvija<\/p>\n","protected":false},"excerpt":{"rendered":"<p>0.37 \u20ac\/gb<\/p>\n","protected":false},"featured_media":1115632,"template":"","meta":{"_acf_changed":false,"inline_featured_image":false},"product_cat":[109,110],"product_tag":[],"acf":[],"aioseo_notices":[],"_links":{"self":[{"href":"https:\/\/ventspils.citro.lv\/ru\/wp-json\/wp\/v2\/product\/30204"}],"collection":[{"href":"https:\/\/ventspils.citro.lv\/ru\/wp-json\/wp\/v2\/product"}],"about":[{"href":"https:\/\/ventspils.citro.lv\/ru\/wp-json\/wp\/v2\/types\/product"}],"wp:featuredmedia":[{"embeddable":true,"href":"https:\/\/ventspils.citro.lv\/ru\/wp-json\/wp\/v2\/media\/1115632"}],"wp:attachment":[{"href":"https:\/\/ventspils.citro.lv\/ru\/wp-json\/wp\/v2\/media?parent=30204"}],"wp:term":[{"taxonomy":"product_cat","embeddable":true,"href":"https:\/\/ventspils.citro.lv\/ru\/wp-json\/wp\/v2\/product_cat?post=30204"},{"taxonomy":"product_tag","embeddable":true,"href":"https:\/\/ventspils.citro.lv\/ru\/wp-json\/wp\/v2\/product_tag?post=30204"}],"curies":[{"name":"wp","href":"https:\/\/api.w.org\/{rel}","templated":true}]}}