{"id":30203,"date":"2024-05-30T02:00:15","date_gmt":"2024-05-29T23:00:15","guid":{"rendered":"https:\/\/ventspils.citro.lv\/veikals\/grozins-pilnpiena\/"},"modified":"2026-04-23T13:56:53","modified_gmt":"2026-04-23T10:56:53","slug":"grozins-pilnpiena","status":"publish","type":"product","link":"https:\/\/ventspils.citro.lv\/ru\/veikals\/grozins-pilnpiena\/","title":{"rendered":"Grozi\u0146\u0161 pilnpiena"},"content":{"rendered":"<p>Sast\u0101vda\u013cas: m\u012bkla (KVIE\u0160U milti,  margar\u012bns (dz\u012bvn. tauki, rap\u0161u e\u013c\u013ca,  s\u0101ls, emulgatori( lecit\u012bns,  tauksk. mono- un diglicer\u012bdi RSPO SG), sk\u0101buma reg., dab\u012bgs aromatiz., kr\u0101sviela), cukurs, OLAS, cep. pulv.), aug\u013cu pild. ( \u0101boli (51%), cukurs, modific\u0113ta ciete, aroniju sulas konc., recin\u0101t\u0101js , konservants), v\u0101r. ieb. piena pild. (cukurs, V\u0100JPIENA pulveris, palmu e\u013c\u013ca (RSPO MB), biezin\u0101t\u0101js (kukur\u016bzas ciete), stabiliz\u0113t\u0101ji (E401, E509), citrusaug\u013cu \u0161\u0137iedrvielas, konservants (k\u0101lija sorb\u0101ts)),cukura dekori ( cukurs (94-96%), glikoze, kr\u0101svielas: kurkum\u012bns, karm\u012bni, briljantzilais, karot\u012bni, annato; dekstr\u012bns, glaz\u0113t\u0101jvielas: bi\u0161u vasks, talks; glikozes s\u012brups, nehidrogen\u0113ti kokosriekstu tauki, citrona aromatiz.).100 g. prod. satur:  ener\u0123. v\u0113rt. 1938KJ\/461kcal,  tauki 16,2g, tostarp pies\u0101t. tauksk\u0101bes 2,8g, og\u013chidr\u0101ti 71g, tostarp cukurs 49,7g, \u0161\u0137iedr. 0,8g, olbalt. 6g, s\u0101ls 0,3g. Uzglab.temp.: +2&#8230;+6 C. Izlietot l\u012bdz: nor\u0101d. uz iep.. Ra\u017eot\u0101js: SIA Di\u0101na Bistro, Andreja iela 5, Ventspils<\/p>\n","protected":false},"excerpt":{"rendered":"<p>0.73 \u20ac\/gb<\/p>\n","protected":false},"featured_media":830979,"template":"","meta":{"_acf_changed":false,"inline_featured_image":false},"product_cat":[235,109],"product_tag":[],"acf":[],"aioseo_notices":[],"_links":{"self":[{"href":"https:\/\/ventspils.citro.lv\/ru\/wp-json\/wp\/v2\/product\/30203"}],"collection":[{"href":"https:\/\/ventspils.citro.lv\/ru\/wp-json\/wp\/v2\/product"}],"about":[{"href":"https:\/\/ventspils.citro.lv\/ru\/wp-json\/wp\/v2\/types\/product"}],"wp:featuredmedia":[{"embeddable":true,"href":"https:\/\/ventspils.citro.lv\/ru\/wp-json\/wp\/v2\/media\/830979"}],"wp:attachment":[{"href":"https:\/\/ventspils.citro.lv\/ru\/wp-json\/wp\/v2\/media?parent=30203"}],"wp:term":[{"taxonomy":"product_cat","embeddable":true,"href":"https:\/\/ventspils.citro.lv\/ru\/wp-json\/wp\/v2\/product_cat?post=30203"},{"taxonomy":"product_tag","embeddable":true,"href":"https:\/\/ventspils.citro.lv\/ru\/wp-json\/wp\/v2\/product_tag?post=30203"}],"curies":[{"name":"wp","href":"https:\/\/api.w.org\/{rel}","templated":true}]}}