{"id":30199,"date":"2025-11-27T01:22:05","date_gmt":"2025-11-26T23:22:05","guid":{"rendered":"https:\/\/ventspils.citro.lv\/veikals\/grozins-ligo\/"},"modified":"2026-04-28T14:09:06","modified_gmt":"2026-04-28T11:09:06","slug":"grozins-ligo","status":"publish","type":"product","link":"https:\/\/ventspils.citro.lv\/ru\/veikals\/grozins-ligo\/","title":{"rendered":"Grozi\u0146\u0161 L\u012bgo"},"content":{"rendered":"<p>Sast\u0101vda\u013cas: smil\u0161u m\u012bkla (KVIE\u0160U milti,  margar\u012bns( tauki (c\u016bku), augu e\u013c\u013ca (rap\u0161u), \u016bdens,  emulgatori (rap\u0161u lecit\u012bns, tauksk\u0101bju mono- un diglicer\u012bdi RSPO SG), sk\u0101buma regul\u0113t\u0101js (citronsk\u0101be), aromatiz\u0113t\u0101js dab\u012bgs, kr\u0101sviela beta-karot\u012bns), cukurs, OLAS, cepamais pulveris (irdin\u0101t\u0101ji: din\u0101trija difosf\u0101ts E450i, n\u0101trija karbon\u0101ts E500), p\u0101rtikas s\u0101ls), pild\u012bjums (BIEZPIENS, cukurs, OLAS, KVIE\u0160U milti, biezpiena piedeva (cukurs, modific\u0113ta ciete: E1414, ciete, OLU baltuma pulveris, sk\u0101be: E330, aromatiz\u0113t\u0101js, s\u0101ls)), p\u016bdercukurs (dekstroze, KVIE\u0160U ciete, palmu tauki , pretsalipes viela :E170, aromatiz\u0113t\u0101js). 100 g prod. satur:  ener\u0123. v\u0113rt. 1297KJ\/308kcal,  tauki 9,5g, tostarp pies\u0101tin\u0101t\u0101s tauksk\u0101bes 3g, og\u013chidr\u0101ti 39,9g tostarp cukurs 23,9g, \u0161\u0137iedrvielas 1g, olbaltumvielas 15g, s\u0101ls 0,3g. Uzglab.temp.: +2&#8230;+6 C. Izlietot l\u012bdz: nor\u0101d\u012bts uz iepakojuma. Ra\u017eot\u0101js: SIA Di\u0101na Bistro, Andreja iela 5, Ventspils.<\/p>\n","protected":false},"excerpt":{"rendered":"<p>0.69 \u20ac\/gb<\/p>\n","protected":false},"featured_media":1166008,"template":"","meta":{"_acf_changed":false,"inline_featured_image":false},"product_cat":[235,109],"product_tag":[],"acf":[],"aioseo_notices":[],"_links":{"self":[{"href":"https:\/\/ventspils.citro.lv\/ru\/wp-json\/wp\/v2\/product\/30199"}],"collection":[{"href":"https:\/\/ventspils.citro.lv\/ru\/wp-json\/wp\/v2\/product"}],"about":[{"href":"https:\/\/ventspils.citro.lv\/ru\/wp-json\/wp\/v2\/types\/product"}],"wp:featuredmedia":[{"embeddable":true,"href":"https:\/\/ventspils.citro.lv\/ru\/wp-json\/wp\/v2\/media\/1166008"}],"wp:attachment":[{"href":"https:\/\/ventspils.citro.lv\/ru\/wp-json\/wp\/v2\/media?parent=30199"}],"wp:term":[{"taxonomy":"product_cat","embeddable":true,"href":"https:\/\/ventspils.citro.lv\/ru\/wp-json\/wp\/v2\/product_cat?post=30199"},{"taxonomy":"product_tag","embeddable":true,"href":"https:\/\/ventspils.citro.lv\/ru\/wp-json\/wp\/v2\/product_tag?post=30199"}],"curies":[{"name":"wp","href":"https:\/\/api.w.org\/{rel}","templated":true}]}}