{"id":30195,"date":"2026-03-17T03:49:14","date_gmt":"2026-03-17T01:49:14","guid":{"rendered":"https:\/\/ventspils.citro.lv\/veikals\/bulcina-ievarijuma\/"},"modified":"2026-04-23T18:28:11","modified_gmt":"2026-04-23T15:28:11","slug":"maizite-ievarijuma-citro","status":"publish","type":"product","link":"https:\/\/ventspils.citro.lv\/ru\/veikals\/maizite-ievarijuma-citro\/","title":{"rendered":"Maiz\u012bte iev\u0101r\u012bjuma Citro"},"content":{"rendered":"<p>Sast\u0101vda\u013cas : m\u012bkla (KVIE\u0160U milti, \u016bdens, margar\u012bns (dz\u012bvnieku tauki (c\u016bku), augu e\u013c\u013ca (rap\u0161u), \u016bdens, s\u0101ls, emulgatori (rap\u0161u lecit\u012bns, tauksk\u0101bju mono- un diglicer\u012bdi RSPO SG), sk\u0101buma regul\u0113t\u0101js (citronsk\u0101be), aromatiz\u0113t\u0101js dab\u012bgs, kr\u0101sviela beta-karot\u012bns), cukurs, raugs, p\u0101rtikas s\u0101ls), \u0101bolu pild\u012bjums (\u017e\u0101v\u0113ti \u0101boli (p\u0101rr\u0113\u0137inot uz svaigiem aug\u013ciem, satur 60% \u0101bolu), cukurs,  glikozes\u2013fruktozes s\u012brups,  \u016bdens,  modific\u0113ta ciete, dab\u012bgs aromatiz\u0113t\u0101js, recin\u0101t\u0101js: \u017eelena sve\u0137i (E418), sk\u0101be: citronsk\u0101be (E330),  konservants: k\u0101lija sorb\u0101ts (E202), antioksidants: askorb\u012bnsk\u0101be (E300)), OLAS, p\u016bdercukurs (dekstroze, KVIE\u0160U ciete, palmu tauki (RSPO MB) , rap\u0161u e\u013c\u013ca, pretsalipes viela :E170, aromatiz\u0113t\u0101js).  100 g produkta satur : ener\u0123\u0113tisk\u0101 v\u0113rt\u012bba: 1449 KJ\/344 kcal,  tauki 10,3 g, tostarp pies\u0101t.tauksk\u0101bes 4 g, og\u013chidr\u0101ti 54 g, tostarp cukurs 21 g, \u0161\u0137iedrvielas 2,3 g, olbaltumvielas 11,8 g, s\u0101ls 0,6 g. Uzglab.temp.: istabas temperat\u016br\u0101. Izlietot l\u012bdz: nor\u0101d\u012bts uz iepakojuma. Ra\u017eot\u0101js: SIA Di\u0101na Bistro, Andreja iela 5, Ventspils.<\/p>\n","protected":false},"excerpt":{"rendered":"<p>0.59 \u20ac\/gb<\/p>\n","protected":false},"featured_media":1226360,"template":"","meta":{"_acf_changed":false,"inline_featured_image":false},"product_cat":[109,110],"product_tag":[],"acf":[],"aioseo_notices":[],"_links":{"self":[{"href":"https:\/\/ventspils.citro.lv\/ru\/wp-json\/wp\/v2\/product\/30195"}],"collection":[{"href":"https:\/\/ventspils.citro.lv\/ru\/wp-json\/wp\/v2\/product"}],"about":[{"href":"https:\/\/ventspils.citro.lv\/ru\/wp-json\/wp\/v2\/types\/product"}],"wp:featuredmedia":[{"embeddable":true,"href":"https:\/\/ventspils.citro.lv\/ru\/wp-json\/wp\/v2\/media\/1226360"}],"wp:attachment":[{"href":"https:\/\/ventspils.citro.lv\/ru\/wp-json\/wp\/v2\/media?parent=30195"}],"wp:term":[{"taxonomy":"product_cat","embeddable":true,"href":"https:\/\/ventspils.citro.lv\/ru\/wp-json\/wp\/v2\/product_cat?post=30195"},{"taxonomy":"product_tag","embeddable":true,"href":"https:\/\/ventspils.citro.lv\/ru\/wp-json\/wp\/v2\/product_tag?post=30195"}],"curies":[{"name":"wp","href":"https:\/\/api.w.org\/{rel}","templated":true}]}}