{"id":30183,"date":"2025-06-26T01:24:02","date_gmt":"2025-06-25T22:24:02","guid":{"rendered":"https:\/\/ventspils.citro.lv\/veikals\/platsmaize-rabarberu\/"},"modified":"2026-04-23T11:59:54","modified_gmt":"2026-04-23T08:59:54","slug":"platsmaize-rabarberu","status":"publish","type":"product","link":"https:\/\/ventspils.citro.lv\/ru\/veikals\/platsmaize-rabarberu\/","title":{"rendered":"Pl\u0101tsmaize Rabarberu"},"content":{"rendered":"<p>Sast\u0101vda\u013cas: rabarberi, rauga k\u0101rtain\u0101 m\u012bkla (KVIE\u0160U milti, \u016bdens, margar\u012bns (augu tauki (palmu, kokosa), \u016bdens, rap\u0161u e\u013c\u013ca, emulgators E471, sk\u0101buma regul\u0113t\u0101js E330, dab\u012bgs aromatiz\u0113t\u0101js, p\u0101rtikas kr\u0101sviela E160a), cukurs, raugs, p\u0101rtikas s\u0101ls), sk\u0101bais KR\u0112JUMS (pasteriz\u0113ts KR\u0112JUMS , piensk\u0101bo bakt\u0113riju t\u012brkult\u016bra), OLAS, CUKURS, KEF\u012aRS (PIENS, ieraugs ,D vitam\u012bns), kaltkr\u0113ms (cukurs, modific\u0113ta ciete (E1414),  V\u0100JPIENA pulveris,  palmu e\u013c\u013ca RSPO MB,  S\u016aKALU pulveris,  biezin\u0101t\u0101js (E401),  s\u0101ls,  kr\u0101svielas (E160a, E101),  aromatiz\u0113t\u0101js,  PIENA olbaltumvielas), KVIE\u0160U milti, aug\u013cu biezin\u0101t\u0101js (modific\u0113ta ciete E1414, cukurs), vanil\u012bns. 100 g produkta satur : ener\u0123\u0113tisk\u0101 v\u0113rt\u012bba: 1020 KJ\/243 kcal,  tauki 9,5 g, tostarp pies\u0101tin\u0101t\u0101s tauksk\u0101bes 5,2 g, og\u013chidr\u0101ti 33,6 g, tostarp cukurs 20 g, \u0161\u0137iedrvielas 1,8 g, olbaltumvielas 5 g, s\u0101ls 0,3 g. Uzglab\u0101\u0161anas temperat\u016bra: istabas temperat\u016br\u0101. Izlietot l\u012bdz: nor\u0101d\u012bts uz iepakojuma. Ra\u017eot\u0101js: SIA Di\u0101na Bistro, Andreja iela 5<\/p>\n","protected":false},"excerpt":{"rendered":"<p>5.59 \u20ac\/kg<\/p>\n","protected":false},"featured_media":1077679,"template":"","meta":{"_acf_changed":false,"inline_featured_image":false},"product_cat":[109,110],"product_tag":[],"acf":[],"aioseo_notices":[],"_links":{"self":[{"href":"https:\/\/ventspils.citro.lv\/ru\/wp-json\/wp\/v2\/product\/30183"}],"collection":[{"href":"https:\/\/ventspils.citro.lv\/ru\/wp-json\/wp\/v2\/product"}],"about":[{"href":"https:\/\/ventspils.citro.lv\/ru\/wp-json\/wp\/v2\/types\/product"}],"wp:featuredmedia":[{"embeddable":true,"href":"https:\/\/ventspils.citro.lv\/ru\/wp-json\/wp\/v2\/media\/1077679"}],"wp:attachment":[{"href":"https:\/\/ventspils.citro.lv\/ru\/wp-json\/wp\/v2\/media?parent=30183"}],"wp:term":[{"taxonomy":"product_cat","embeddable":true,"href":"https:\/\/ventspils.citro.lv\/ru\/wp-json\/wp\/v2\/product_cat?post=30183"},{"taxonomy":"product_tag","embeddable":true,"href":"https:\/\/ventspils.citro.lv\/ru\/wp-json\/wp\/v2\/product_tag?post=30183"}],"curies":[{"name":"wp","href":"https:\/\/api.w.org\/{rel}","templated":true}]}}