{"id":30182,"date":"2025-06-03T00:57:33","date_gmt":"2025-06-02T21:57:33","guid":{"rendered":"https:\/\/ventspils.citro.lv\/veikals\/sandvics\/"},"modified":"2026-01-27T14:38:14","modified_gmt":"2026-01-27T12:38:14","slug":"sandvics","status":"publish","type":"product","link":"https:\/\/ventspils.citro.lv\/ru\/veikals\/sandvics\/","title":{"rendered":"Sandvi\u010ds"},"content":{"rendered":"<p>Sast\u0101vda\u013cas: aug\u013cu pild\u012bjums ( \u0101bolu (51%), cukurs (50%), modific\u0113ta ciete kukur\u016bzas, aroniju sulas koncentr\u0101ts, sk\u0101be -citronsk\u0101be (E330), recin\u0101t\u0101js: \u017eelena sve\u0137i (E418)), KVIE\u0160U milti, margar\u012bns (dz\u012bvnieku tauki (c\u016bku), augu e\u013c\u013ca (rap\u0161u), \u016bdens, s\u0101ls, emulgatori (rap\u0161u lecit\u012bns, tauksk\u0101bju mono- un diglicer\u012bdi RSPO SG), sk\u0101buma regul\u0113t\u0101js (citronsk\u0101be), aromatiz\u0113t\u0101js dab\u012bgs, kr\u0101sviela beta-karot\u012bns), cukurs, kef\u012brs ( PIENS, ieraugs ,D vitam\u012bns), p\u0101rtikas soda. 100 g produkta satur:  ener\u0123\u0113tisk\u0101 v\u0113rt\u012bba 1476KJ\/351,1kcal,  tauki 14,5g, tostarp pies\u0101tin\u0101t\u0101s tauksk\u0101bes 4,6g, og\u013chidr\u0101ti 50,7g tostarp cukurs 31,6g \u0161\u0137iedrvielas 1,1g, olbaltumvielas 4,3g, p\u0101rt. s\u0101ls 0,1g. Uzglab\u0101\u0161anas apst\u0101k\u013ci: istabas temperat\u016bra. Ra\u017eot\u0101js: SIA Di\u0101na-Bistro,Andreja iela -5,Ventspils<\/p>\n","protected":false},"excerpt":{"rendered":"<p>0.89 \u20ac\/gb<\/p>\n","protected":false},"featured_media":1061502,"template":"","meta":{"_acf_changed":false,"inline_featured_image":false},"product_cat":[109,110],"product_tag":[],"acf":[],"aioseo_notices":[],"_links":{"self":[{"href":"https:\/\/ventspils.citro.lv\/ru\/wp-json\/wp\/v2\/product\/30182"}],"collection":[{"href":"https:\/\/ventspils.citro.lv\/ru\/wp-json\/wp\/v2\/product"}],"about":[{"href":"https:\/\/ventspils.citro.lv\/ru\/wp-json\/wp\/v2\/types\/product"}],"wp:featuredmedia":[{"embeddable":true,"href":"https:\/\/ventspils.citro.lv\/ru\/wp-json\/wp\/v2\/media\/1061502"}],"wp:attachment":[{"href":"https:\/\/ventspils.citro.lv\/ru\/wp-json\/wp\/v2\/media?parent=30182"}],"wp:term":[{"taxonomy":"product_cat","embeddable":true,"href":"https:\/\/ventspils.citro.lv\/ru\/wp-json\/wp\/v2\/product_cat?post=30182"},{"taxonomy":"product_tag","embeddable":true,"href":"https:\/\/ventspils.citro.lv\/ru\/wp-json\/wp\/v2\/product_tag?post=30182"}],"curies":[{"name":"wp","href":"https:\/\/api.w.org\/{rel}","templated":true}]}}