{"id":30178,"date":"2025-11-04T00:51:34","date_gmt":"2025-11-03T22:51:34","guid":{"rendered":"https:\/\/ventspils.citro.lv\/veikals\/maizite-biezpiena-rozinu-griezta\/"},"modified":"2026-04-28T14:09:03","modified_gmt":"2026-04-28T11:09:03","slug":"maizite-biezpiena-rozinu-griezta","status":"publish","type":"product","link":"https:\/\/ventspils.citro.lv\/ru\/veikals\/maizite-biezpiena-rozinu-griezta\/","title":{"rendered":"Maiz\u012bte biezpiena roz\u012b\u0146u griezt\u0101"},"content":{"rendered":"<p>Sast\u0101vda\u013cas: m\u012bkla (KVIE\u0160U milti, margar\u012bns ( dz\u012bvnieku tauki (c\u016bku), augu e\u013c\u013ca (rap\u0161u), \u016bdens, s\u0101ls, emulgatori (rap\u0161u lecit\u012bns, tauksk\u0101bju mono- un diglicer\u012bdi RSPO SG), sk\u0101buma regul\u0113t\u0101js (citronsk\u0101be), aromatiz\u0113t\u0101js dab\u012bgs, kr\u0101sviela beta-karot\u012bns),cukurs, OLAS, cepamais pulveris (irdin\u0101t\u0101ji: din\u0101trija difosf\u0101ts E450i, n\u0101trija karbon\u0101ts E500, KVIE\u0160U milti)), BIEZPIENS v\u0101jpiena, cukurs, roz\u012bnes, OLA, KVIE\u0160U milti, biezpiena  piedeva (cukurs, modific\u0113ta ciete: E1414, ciete, OLU baltuma pulveris, sk\u0101be: E330, aromatiz\u0113t\u0101js, s\u0101ls).100 g produkta satur:  ener\u0123\u0113tisk\u0101 v\u0113rt\u012bba 1408 KJ\/328 kcal,  tauki 9,1 g, tostarp pies\u0101tin\u0101t\u0101s tauksk\u0101bes 2,9 g, og\u013chidr\u0101ti 47 g, tostarp cukurs 29 g, \u0161\u0137iedrvielas 1,1 g, olbaltumvielas 15,4 g, s\u0101ls 0,2 g. Uzglab\u0101\u0161anas apst\u0101k\u013ci: +2 &#8230;+6 C.Izlietot l\u012bdz: Skat\u012bt uz iepakojuma. Ra\u017eot\u0101js: SIA &#171;Di\u0101na-bistro&#187;, Andreja iela -5, Ventspils.<\/p>\n","protected":false},"excerpt":{"rendered":"<p>0.95 \u20ac\/gb<\/p>\n","protected":false},"featured_media":1151185,"template":"","meta":{"_acf_changed":false,"inline_featured_image":false},"product_cat":[109,110],"product_tag":[],"acf":[],"aioseo_notices":[],"_links":{"self":[{"href":"https:\/\/ventspils.citro.lv\/ru\/wp-json\/wp\/v2\/product\/30178"}],"collection":[{"href":"https:\/\/ventspils.citro.lv\/ru\/wp-json\/wp\/v2\/product"}],"about":[{"href":"https:\/\/ventspils.citro.lv\/ru\/wp-json\/wp\/v2\/types\/product"}],"wp:featuredmedia":[{"embeddable":true,"href":"https:\/\/ventspils.citro.lv\/ru\/wp-json\/wp\/v2\/media\/1151185"}],"wp:attachment":[{"href":"https:\/\/ventspils.citro.lv\/ru\/wp-json\/wp\/v2\/media?parent=30178"}],"wp:term":[{"taxonomy":"product_cat","embeddable":true,"href":"https:\/\/ventspils.citro.lv\/ru\/wp-json\/wp\/v2\/product_cat?post=30178"},{"taxonomy":"product_tag","embeddable":true,"href":"https:\/\/ventspils.citro.lv\/ru\/wp-json\/wp\/v2\/product_tag?post=30178"}],"curies":[{"name":"wp","href":"https:\/\/api.w.org\/{rel}","templated":true}]}}