{"id":30177,"date":"2024-10-01T00:51:50","date_gmt":"2024-09-30T21:51:50","guid":{"rendered":"https:\/\/ventspils.citro.lv\/veikals\/grozins-kirsu\/"},"modified":"2026-04-25T10:01:03","modified_gmt":"2026-04-25T07:01:03","slug":"grozins-kirsu","status":"publish","type":"product","link":"https:\/\/ventspils.citro.lv\/ru\/veikals\/grozins-kirsu\/","title":{"rendered":"Grozi\u0146\u0161 \u0137ir\u0161u"},"content":{"rendered":"<p>Sast\u0101vda\u013cas: m\u012bkla (KVIE\u0160U milti, margar\u012bns (augu tauki (palmu, kokosa), \u016bdens, rap\u0161u e\u013c\u013ca, emulgators E471, sk\u0101buma regul\u0113t\u0101js E330, dab\u012bgs aromatiz\u0113t\u0101js, p\u0101rtikas kr\u0101sviela E160a), cukurs, OLAS, cepamais pulveris (irdin\u0101t\u0101ji: din\u0101trija difosf\u0101ts E450i, n\u0101trija karbon\u0101ts E500), p\u0101rtikas s\u0101ls), \u0137ir\u0161u pild\u012bjums (\u0137ir\u0161i (50%), cukurs, modific\u0113ta ciete, glikozes-fruktozes s\u012brups, konservants: k\u0101lija sorb\u0101ts (E202), sk\u0101be: citronsk\u0101be (E330), biezin\u0101t\u0101js: \u017eelena sve\u0137i (E418)), putukr\u0113jums uz augu tauku b\u0101zes (piln\u012bgi hidrogen\u0113ta palmu kodolu e\u013c\u013ca 25%, cukurs 12%, PIENA olbaltumvielas,E472b, E322 (SOJA), E472e, E460, E466, E340, aromatiz\u0113t\u0101js, E160a). 100 g produkta satur:  ener\u0123\u0113tisk\u0101 v\u0113rt\u012bba 1288 KJ\/307 kcal,  tauki 17 g, tostarp pies\u0101tin\u0101t\u0101s tauksk\u0101bes 10,8 g, og\u013chidr\u0101ti 34,7 g, tostarp cukurs 20 g, \u0161\u0137iedrvielas 1,1 g, olbaltumvielas 3,5 g, s\u0101ls 0,2 g.Uzglab. temp.: +2&#8230;+6 C. Izlietot l\u012bdz: nor\u0101d\u012bts uz iepakojuma. Ra\u017eot\u0101js: SIA Di\u0101na Bistro, Andreja iela 5, Ventspils.<\/p>\n","protected":false},"excerpt":{"rendered":"<p>0.37 \u20ac\/gb<\/p>\n","protected":false},"featured_media":912706,"template":"","meta":{"_acf_changed":false,"inline_featured_image":false},"product_cat":[235,109],"product_tag":[],"acf":[],"aioseo_notices":[],"_links":{"self":[{"href":"https:\/\/ventspils.citro.lv\/ru\/wp-json\/wp\/v2\/product\/30177"}],"collection":[{"href":"https:\/\/ventspils.citro.lv\/ru\/wp-json\/wp\/v2\/product"}],"about":[{"href":"https:\/\/ventspils.citro.lv\/ru\/wp-json\/wp\/v2\/types\/product"}],"wp:featuredmedia":[{"embeddable":true,"href":"https:\/\/ventspils.citro.lv\/ru\/wp-json\/wp\/v2\/media\/912706"}],"wp:attachment":[{"href":"https:\/\/ventspils.citro.lv\/ru\/wp-json\/wp\/v2\/media?parent=30177"}],"wp:term":[{"taxonomy":"product_cat","embeddable":true,"href":"https:\/\/ventspils.citro.lv\/ru\/wp-json\/wp\/v2\/product_cat?post=30177"},{"taxonomy":"product_tag","embeddable":true,"href":"https:\/\/ventspils.citro.lv\/ru\/wp-json\/wp\/v2\/product_tag?post=30177"}],"curies":[{"name":"wp","href":"https:\/\/api.w.org\/{rel}","templated":true}]}}